{"id":98,"date":"2025-11-03T21:36:37","date_gmt":"2025-11-03T21:36:37","guid":{"rendered":"https:\/\/vkslavia.oone.dev\/?page_id=98"},"modified":"2025-11-12T08:33:43","modified_gmt":"2025-11-12T08:33:43","slug":"masters","status":"publish","type":"page","link":"https:\/\/vkslavia.cz\/?page_id=98","title":{"rendered":"Masters"},"content":{"rendered":"\t\t<div data-elementor-type=\"wp-page\" data-elementor-id=\"98\" class=\"elementor elementor-98\">\n\t\t\t\t<div class=\"elementor-element elementor-element-0424a0b elementor-hidden-mobile elementor-hidden-tablet e-flex e-con-boxed e-con e-parent\" data-id=\"0424a0b\" data-element_type=\"container\" data-settings=\"{&quot;background_background&quot;:&quot;classic&quot;}\">\n\t\t\t\t\t<div class=\"e-con-inner\">\n\t\t\t\t\t<\/div>\n\t\t\t\t<\/div>\n\t\t<div class=\"elementor-element elementor-element-e8ed269 e-flex e-con-boxed e-con e-parent\" data-id=\"e8ed269\" data-element_type=\"container\">\n\t\t\t\t\t<div class=\"e-con-inner\">\n\t\t\t\t<div class=\"elementor-element elementor-element-80d92e1 elementor-widget elementor-widget-heading\" data-id=\"80d92e1\" data-element_type=\"widget\" data-widget_type=\"heading.default\">\n\t\t\t\t\t<h1 class=\"elementor-heading-title elementor-size-default\">Masters<\/h1>\t\t\t\t<\/div>\n\t\t\t\t<div class=\"elementor-element elementor-element-5b8f139 elementor-widget-divider--view-line elementor-widget elementor-widget-divider\" data-id=\"5b8f139\" data-element_type=\"widget\" data-widget_type=\"divider.default\">\n\t\t\t\t\t\t\t<div class=\"elementor-divider\">\n\t\t\t<span class=\"elementor-divider-separator\">\n\t\t\t\t\t\t<\/span>\n\t\t<\/div>\n\t\t\t\t\t\t<\/div>\n\t\t\t\t<div class=\"elementor-element elementor-element-876305d elementor-widget__width-initial elementor-widget elementor-widget-text-editor\" data-id=\"876305d\" data-element_type=\"widget\" data-widget_type=\"text-editor.default\">\n\t\t\t\t\t\t\t\t\t<p>Z\u00e1vody pro kategorie masters jsou tuzemsk\u00e9, kter\u00e9 jsou uvedeny v Celost\u00e1tn\u00edm vyps\u00e1n\u00ed vesla\u0159sk\u00fdch sout\u011b\u017e\u00ed na str\u00e1nk\u00e1ch \u010cVS, d\u00e1le z\u00e1vody mezin\u00e1rodn\u00ed jako je Euro Masters regata a Sv\u011btov\u00e1 masters regata a jin\u00e9. V\u0161echny tuzemsk\u00e9 z\u00e1vody, kter\u00e9 jsou uvedeny v Celost\u00e1tn\u00edm vyps\u00e1n\u00ed vesla\u0159sk\u00fdch sout\u011b\u017e\u00ed jsou bodov\u00e1ny a po ukon\u010den\u00ed sez\u00f3ny je zve\u0159ejn\u011bno po\u0159ad\u00ed z\u00e1vodn\u00edk\u016f TOP TEN Masters. Jedn\u00e1 se o bodov\u00e1n\u00ed jednotlivc\u016f, kte\u0159\u00ed ale mus\u00ed m\u00edt platnou registraci s l\u00e9ka\u0159skou prohl\u00eddkou potvrzenou v registra\u010dn\u00edm pr\u016fkazu.<\/p><p>Veslov\u00e1n\u00ed masters je ur\u010deno pro z\u00e1vodn\u00edky od v\u011bku 27 let a je rozd\u011bleno do v\u011bkov\u00fdch kategori\u00ed.<\/p>\t\t\t\t\t\t\t\t<\/div>\n\t\t\t\t<div class=\"elementor-element elementor-element-664ca05 elementor-widget__width-initial elementor-widget elementor-widget-text-editor\" data-id=\"664ca05\" data-element_type=\"widget\" data-widget_type=\"text-editor.default\">\n\t\t\t\t\t\t\t\t\t<p><strong>V\u011bkov\u00e9 kategorie jsou:<\/strong><\/p><p><strong>A<\/strong> minim\u00e1ln\u00ed v\u011bk 27 let nebo v\u00edce<br \/><strong>B<\/strong> pr\u016fm\u011brn\u00fd v\u011bk 36 let nebo v\u00edce<br \/><strong>C<\/strong> pr\u016fm\u011brn\u00fd v\u011bk 43 let nebo v\u00edce<br \/><strong>D<\/strong> pr\u016fm\u011brn\u00fd v\u011bk 50 let nebo v\u00edce<br \/><strong>E<\/strong> pr\u016fm\u011brn\u00fd v\u011bk 55 let nebo v\u00edce<br \/><strong>F<\/strong> pr\u016fm\u011brn\u00fd v\u011bk 60 let nebo v\u00edce<br \/><strong>G<\/strong> pr\u016fm\u011brn\u00fd v\u011bk 65 let nebo v\u00edce<br \/><strong>H<\/strong> pr\u016fm\u011brn\u00fd v\u011bk 70 let nebo v\u00edce<br \/><strong>I<\/strong> pr\u016fm\u011brn\u00fd v\u011bk 75 let nebo v\u00edce<br \/><strong>J<\/strong> pr\u016fm\u011brn\u00fd v\u011bk 80 let nebo v\u00edce<br \/><strong>K<\/strong> pr\u016fm\u011brn\u00fd v\u011bk 83 let nebo v\u00edce<br \/><strong>L<\/strong> pr\u016fm\u011brn\u00fd v\u011bk 86 let nebo v\u00edce<br \/><strong>M<\/strong> pr\u016fm\u011brn\u00fd v\u011bk 89 let nebo v\u00edce<\/p><p>V\u011bk kormideln\u00edka se do v\u011bku pos\u00e1dky nezapo\u010d\u00edt\u00e1v\u00e1 <br \/>a \u017eeny mohou kormidlovat mu\u017esk\u00e9 pos\u00e1dky a opa\u010dn\u011b.<\/p><p>\u010clensk\u00e9 p\u0159\u00edsp\u011bvky pro z\u00e1vodn\u00edky kategorie masters \u010din\u00ed 7.000K\u010d.P\u0159\u00edsp\u011bvek se hrad\u00ed p\u0159evodem na klubov\u00fd \u00fa\u010det \u010d. 120641339\/0800. Do zpr\u00e1vy pro p\u0159\u00edjemce uve\u010fte jm\u00e9no a p\u0159\u00edjmen\u00ed z\u00e1vodn\u00edka.<\/p><p>\u00a0<\/p><p><strong>Kontakt<\/strong><\/p><p><em><strong>Zdena Norkov\u00e1<\/strong><\/em><br \/>tel. 602 875 370<br \/>e-mail: z.norkova@cbox.cz<\/p>\t\t\t\t\t\t\t\t<\/div>\n\t\t\t\t\t<\/div>\n\t\t\t\t<\/div>\n\t\t\t\t<\/div>\n\t\t","protected":false},"excerpt":{"rendered":"<p>Masters Z\u00e1vody pro kategorie masters jsou tuzemsk\u00e9, kter\u00e9 jsou uvedeny v Celost\u00e1tn\u00edm vyps\u00e1n\u00ed vesla\u0159sk\u00fdch sout\u011b\u017e\u00ed na str\u00e1nk\u00e1ch \u010cVS, d\u00e1le z\u00e1vody [&hellip;]<\/p>\n","protected":false},"author":2,"featured_media":0,"parent":0,"menu_order":0,"comment_status":"closed","ping_status":"closed","template":"","meta":{"site-sidebar-layout":"no-sidebar","site-content-layout":"","ast-site-content-layout":"full-width-container","site-content-style":"default","site-sidebar-style":"default","ast-global-header-display":"","ast-banner-title-visibility":"","ast-main-header-display":"","ast-hfb-above-header-display":"","ast-hfb-below-header-display":"","ast-hfb-mobile-header-display":"","site-post-title":"disabled","ast-breadcrumbs-content":"","ast-featured-img":"disabled","footer-sml-layout":"","theme-transparent-header-meta":"","adv-header-id-meta":"","stick-header-meta":"","header-above-stick-meta":"","header-main-stick-meta":"","header-below-stick-meta":"","astra-migrate-meta-layouts":"default","ast-page-background-enabled":"default","ast-page-background-meta":{"desktop":{"background-color":"var(--ast-global-color-5)","background-image":"","background-repeat":"repeat","background-position":"center center","background-size":"auto","background-attachment":"scroll","background-type":"","background-media":"","overlay-type":"","overlay-color":"","overlay-opacity":"","overlay-gradient":""},"tablet":{"background-color":"","background-image":"","background-repeat":"repeat","background-position":"center center","background-size":"auto","background-attachment":"scroll","background-type":"","background-media":"","overlay-type":"","overlay-color":"","overlay-opacity":"","overlay-gradient":""},"mobile":{"background-color":"","background-image":"","background-repeat":"repeat","background-position":"center center","background-size":"auto","background-attachment":"scroll","background-type":"","background-media":"","overlay-type":"","overlay-color":"","overlay-opacity":"","overlay-gradient":""}},"ast-content-background-meta":{"desktop":{"background-color":"var(--ast-global-color-4)","background-image":"","background-repeat":"repeat","background-position":"center center","background-size":"auto","background-attachment":"scroll","background-type":"","background-media":"","overlay-type":"","overlay-color":"","overlay-opacity":"","overlay-gradient":""},"tablet":{"background-color":"var(--ast-global-color-4)","background-image":"","background-repeat":"repeat","background-position":"center center","background-size":"auto","background-attachment":"scroll","background-type":"","background-media":"","overlay-type":"","overlay-color":"","overlay-opacity":"","overlay-gradient":""},"mobile":{"background-color":"var(--ast-global-color-4)","background-image":"","background-repeat":"repeat","background-position":"center center","background-size":"auto","background-attachment":"scroll","background-type":"","background-media":"","overlay-type":"","overlay-color":"","overlay-opacity":"","overlay-gradient":""}},"footnotes":""},"class_list":["post-98","page","type-page","status-publish","hentry"],"_links":{"self":[{"href":"https:\/\/vkslavia.cz\/index.php?rest_route=\/wp\/v2\/pages\/98","targetHints":{"allow":["GET"]}}],"collection":[{"href":"https:\/\/vkslavia.cz\/index.php?rest_route=\/wp\/v2\/pages"}],"about":[{"href":"https:\/\/vkslavia.cz\/index.php?rest_route=\/wp\/v2\/types\/page"}],"author":[{"embeddable":true,"href":"https:\/\/vkslavia.cz\/index.php?rest_route=\/wp\/v2\/users\/2"}],"replies":[{"embeddable":true,"href":"https:\/\/vkslavia.cz\/index.php?rest_route=%2Fwp%2Fv2%2Fcomments&post=98"}],"version-history":[{"count":19,"href":"https:\/\/vkslavia.cz\/index.php?rest_route=\/wp\/v2\/pages\/98\/revisions"}],"predecessor-version":[{"id":1404,"href":"https:\/\/vkslavia.cz\/index.php?rest_route=\/wp\/v2\/pages\/98\/revisions\/1404"}],"wp:attachment":[{"href":"https:\/\/vkslavia.cz\/index.php?rest_route=%2Fwp%2Fv2%2Fmedia&parent=98"}],"curies":[{"name":"wp","href":"https:\/\/api.w.org\/{rel}","templated":true}]}}