{"id":96,"date":"2025-11-03T21:35:51","date_gmt":"2025-11-03T21:35:51","guid":{"rendered":"https:\/\/vkslavia.oone.dev\/?page_id=96"},"modified":"2025-11-11T18:07:09","modified_gmt":"2025-11-11T18:07:09","slug":"amaterske-veslovani","status":"publish","type":"page","link":"https:\/\/vkslavia.cz\/?page_id=96","title":{"rendered":"Amat\u00e9rsk\u00e9 veslov\u00e1n\u00ed"},"content":{"rendered":"\t\t<div data-elementor-type=\"wp-page\" data-elementor-id=\"96\" class=\"elementor elementor-96\">\n\t\t\t\t<div class=\"elementor-element elementor-element-f642109 elementor-hidden-mobile elementor-hidden-tablet e-flex e-con-boxed e-con e-parent\" data-id=\"f642109\" data-element_type=\"container\" data-settings=\"{&quot;background_background&quot;:&quot;classic&quot;}\">\n\t\t\t\t\t<div class=\"e-con-inner\">\n\t\t\t\t\t<\/div>\n\t\t\t\t<\/div>\n\t\t<div class=\"elementor-element elementor-element-119da5e e-flex e-con-boxed e-con e-parent\" data-id=\"119da5e\" data-element_type=\"container\">\n\t\t\t\t\t<div class=\"e-con-inner\">\n\t\t\t\t<div class=\"elementor-element elementor-element-967f0f5 elementor-widget elementor-widget-heading\" data-id=\"967f0f5\" data-element_type=\"widget\" data-widget_type=\"heading.default\">\n\t\t\t\t\t<h1 class=\"elementor-heading-title elementor-size-default\">Amat\u00e9rsk\u00e9 veslov\u00e1n\u00ed<\/h1>\t\t\t\t<\/div>\n\t\t\t\t<div class=\"elementor-element elementor-element-75c92a8 elementor-widget-divider--view-line elementor-widget elementor-widget-divider\" data-id=\"75c92a8\" data-element_type=\"widget\" data-widget_type=\"divider.default\">\n\t\t\t\t\t\t\t<div class=\"elementor-divider\">\n\t\t\t<span class=\"elementor-divider-separator\">\n\t\t\t\t\t\t<\/span>\n\t\t<\/div>\n\t\t\t\t\t\t<\/div>\n\t\t\t\t<div class=\"elementor-element elementor-element-164e2c5 elementor-widget elementor-widget-heading\" data-id=\"164e2c5\" data-element_type=\"widget\" data-widget_type=\"heading.default\">\n\t\t\t\t\t<h2 class=\"elementor-heading-title elementor-size-default\">Pro \u00fapln\u00e9 vesla\u0159sk\u00e9 nov\u00e1\u010dky 18+<\/h2>\t\t\t\t<\/div>\n\t\t\t\t<div class=\"elementor-element elementor-element-89d577c elementor-widget__width-initial elementor-widget elementor-widget-text-editor\" data-id=\"89d577c\" data-element_type=\"widget\" data-widget_type=\"text-editor.default\">\n\t\t\t\t\t\t\t\t\t<p>Amat\u00e9rsk\u00e9 veslov\u00e1n\u00ed v klubu je ur\u010deno z\u00e1jemc\u016fm o veslov\u00e1n\u00ed, kte\u0159\u00ed nemaj\u00ed ambice se pod\u00edlet na klubov\u00e9 z\u00e1vodn\u00ed \u010dinnosti, ale sp\u00ed\u0161e se cht\u011bj\u00ed u\u010dit veslovat pro svoji vlastn\u00ed radost a nad\u0161en\u00ed. Skupina slou\u017e\u00ed i pro \u017eeny a mu\u017ee, kte\u0159\u00ed za\u010dali veslovat a\u017e v dosp\u011blosti, nebo nap\u0159\u00edklad na univerzit\u011b.<\/p><p>Z\u00e1jemci o amat\u00e9rsk\u00e9 veslov\u00e1n\u00ed proch\u00e1z\u00ed nejd\u0159\u00edve zau\u010dovac\u00edm pl\u00e1nem pod taktovkou zku\u0161en\u00e9ho tren\u00e9ra. V tomto p\u0159\u00edpad\u011b je nutn\u00e9 si nejd\u0159\u00edve sjednat placen\u00e9 individu\u00e1ln\u00ed lekce.<\/p>\t\t\t\t\t\t\t\t<\/div>\n\t\t\t\t<div class=\"elementor-element elementor-element-c3b8981 elementor-widget elementor-widget-heading\" data-id=\"c3b8981\" data-element_type=\"widget\" data-widget_type=\"heading.default\">\n\t\t\t\t\t<h2 class=\"elementor-heading-title elementor-size-default\">Pro pokoro\u010dil\u00e9 hobby vesla\u0159e<\/h2>\t\t\t\t<\/div>\n\t\t\t\t<div class=\"elementor-element elementor-element-45a78ce elementor-widget__width-initial elementor-widget elementor-widget-text-editor\" data-id=\"45a78ce\" data-element_type=\"widget\" data-widget_type=\"text-editor.default\">\n\t\t\t\t\t\t\t\t\t<p>Dvakr\u00e1t v t\u00fddnu prob\u00edhaj\u00ed skupinov\u00e9 tr\u00e9ninky. Perfektn\u00ed nastartov\u00e1n\u00ed dne a nalad\u011bn\u00ed p\u0159ed prac\u00ed pod veden\u00edm zku\u0161en\u00e9ho tren\u00e9ra. Pro mo\u017enost nahla\u0161ov\u00e1n\u00ed se do skupinov\u00fdch lekc\u00ed je nutn\u00e9 b\u00fdt \u010dlenem klubu a sou\u010d\u00e1st\u00ed whatsappov\u00e9 skupiny. V\u00fdhodou je finan\u010dn\u00ed dostupnost.<\/p><p><strong>Po 7:00<\/strong><br \/><strong>\u010ct 7:00<\/strong><\/p><p><strong>Kontakt<\/strong><\/p><p><em><strong>V\u00edt Sm\u00edtka<\/strong><\/em> <br \/>e-mail: vitek.smitka3@gmail.com<br \/>telefon: +420 775 634 405<\/p><p><em><strong>Jan Malsa<\/strong><\/em><br \/>e-mail: malsa@rdpp.cz<br \/>telefon: +420 773 657 992<\/p>\t\t\t\t\t\t\t\t<\/div>\n\t\t\t\t<div class=\"elementor-element elementor-element-72a8f0f elementor-widget elementor-widget-heading\" data-id=\"72a8f0f\" data-element_type=\"widget\" data-widget_type=\"heading.default\">\n\t\t\t\t\t<h2 class=\"elementor-heading-title elementor-size-default\">For English speakers<\/h2>\t\t\t\t<\/div>\n\t\t\t\t<div class=\"elementor-element elementor-element-1d1b90a elementor-widget__width-initial elementor-widget elementor-widget-text-editor\" data-id=\"1d1b90a\" data-element_type=\"widget\" data-widget_type=\"text-editor.default\">\n\t\t\t\t\t\t\t\t\t<p>Are you visit Prague or live in Czech Republic, but do you only speak English? We have an experienced English-speaking coach from New Zealand for you. Just write to Shane and arrange your first rowing training session in the center of Prague on the Vltava river, where you will learn everything you need to know about training sessions.<\/p><p><strong>Contact<\/strong><\/p><p><em><strong>Shane Bowers<br \/><\/strong><\/em>VK Slavia Praha since 2005<br \/>Coach also the men&#8217;s category at the Slavia<br \/>e-mail: shanebowers68@yahoo.co.nz<br \/>tel: +420 775 470 639<\/p>\t\t\t\t\t\t\t\t<\/div>\n\t\t\t\t\t<\/div>\n\t\t\t\t<\/div>\n\t\t\t\t<\/div>\n\t\t","protected":false},"excerpt":{"rendered":"<p>Amat\u00e9rsk\u00e9 veslov\u00e1n\u00ed Pro \u00fapln\u00e9 vesla\u0159sk\u00e9 nov\u00e1\u010dky 18+ Amat\u00e9rsk\u00e9 veslov\u00e1n\u00ed v klubu je ur\u010deno z\u00e1jemc\u016fm o veslov\u00e1n\u00ed, kte\u0159\u00ed nemaj\u00ed ambice se [&hellip;]<\/p>\n","protected":false},"author":2,"featured_media":0,"parent":0,"menu_order":0,"comment_status":"closed","ping_status":"closed","template":"","meta":{"site-sidebar-layout":"no-sidebar","site-content-layout":"","ast-site-content-layout":"full-width-container","site-content-style":"default","site-sidebar-style":"default","ast-global-header-display":"","ast-banner-title-visibility":"","ast-main-header-display":"","ast-hfb-above-header-display":"","ast-hfb-below-header-display":"","ast-hfb-mobile-header-display":"","site-post-title":"disabled","ast-breadcrumbs-content":"","ast-featured-img":"disabled","footer-sml-layout":"","theme-transparent-header-meta":"","adv-header-id-meta":"","stick-header-meta":"","header-above-stick-meta":"","header-main-stick-meta":"","header-below-stick-meta":"","astra-migrate-meta-layouts":"default","ast-page-background-enabled":"default","ast-page-background-meta":{"desktop":{"background-color":"var(--ast-global-color-5)","background-image":"","background-repeat":"repeat","background-position":"center center","background-size":"auto","background-attachment":"scroll","background-type":"","background-media":"","overlay-type":"","overlay-color":"","overlay-opacity":"","overlay-gradient":""},"tablet":{"background-color":"","background-image":"","background-repeat":"repeat","background-position":"center center","background-size":"auto","background-attachment":"scroll","background-type":"","background-media":"","overlay-type":"","overlay-color":"","overlay-opacity":"","overlay-gradient":""},"mobile":{"background-color":"","background-image":"","background-repeat":"repeat","background-position":"center center","background-size":"auto","background-attachment":"scroll","background-type":"","background-media":"","overlay-type":"","overlay-color":"","overlay-opacity":"","overlay-gradient":""}},"ast-content-background-meta":{"desktop":{"background-color":"var(--ast-global-color-4)","background-image":"","background-repeat":"repeat","background-position":"center center","background-size":"auto","background-attachment":"scroll","background-type":"","background-media":"","overlay-type":"","overlay-color":"","overlay-opacity":"","overlay-gradient":""},"tablet":{"background-color":"var(--ast-global-color-4)","background-image":"","background-repeat":"repeat","background-position":"center center","background-size":"auto","background-attachment":"scroll","background-type":"","background-media":"","overlay-type":"","overlay-color":"","overlay-opacity":"","overlay-gradient":""},"mobile":{"background-color":"var(--ast-global-color-4)","background-image":"","background-repeat":"repeat","background-position":"center center","background-size":"auto","background-attachment":"scroll","background-type":"","background-media":"","overlay-type":"","overlay-color":"","overlay-opacity":"","overlay-gradient":""}},"footnotes":""},"class_list":["post-96","page","type-page","status-publish","hentry"],"_links":{"self":[{"href":"https:\/\/vkslavia.cz\/index.php?rest_route=\/wp\/v2\/pages\/96","targetHints":{"allow":["GET"]}}],"collection":[{"href":"https:\/\/vkslavia.cz\/index.php?rest_route=\/wp\/v2\/pages"}],"about":[{"href":"https:\/\/vkslavia.cz\/index.php?rest_route=\/wp\/v2\/types\/page"}],"author":[{"embeddable":true,"href":"https:\/\/vkslavia.cz\/index.php?rest_route=\/wp\/v2\/users\/2"}],"replies":[{"embeddable":true,"href":"https:\/\/vkslavia.cz\/index.php?rest_route=%2Fwp%2Fv2%2Fcomments&post=96"}],"version-history":[{"count":28,"href":"https:\/\/vkslavia.cz\/index.php?rest_route=\/wp\/v2\/pages\/96\/revisions"}],"predecessor-version":[{"id":1353,"href":"https:\/\/vkslavia.cz\/index.php?rest_route=\/wp\/v2\/pages\/96\/revisions\/1353"}],"wp:attachment":[{"href":"https:\/\/vkslavia.cz\/index.php?rest_route=%2Fwp%2Fv2%2Fmedia&parent=96"}],"curies":[{"name":"wp","href":"https:\/\/api.w.org\/{rel}","templated":true}]}}