{"id":94,"date":"2025-11-03T21:35:31","date_gmt":"2025-11-03T21:35:31","guid":{"rendered":"https:\/\/vkslavia.oone.dev\/?page_id=94"},"modified":"2025-11-12T08:33:06","modified_gmt":"2025-11-12T08:33:06","slug":"seniorske-veslovani","status":"publish","type":"page","link":"https:\/\/vkslavia.cz\/?page_id=94","title":{"rendered":"Seniorsk\u00e9 veslov\u00e1n\u00ed"},"content":{"rendered":"\t\t<div data-elementor-type=\"wp-page\" data-elementor-id=\"94\" class=\"elementor elementor-94\">\n\t\t\t\t<div class=\"elementor-element elementor-element-15a42e8 elementor-hidden-mobile elementor-hidden-tablet e-flex e-con-boxed e-con e-parent\" data-id=\"15a42e8\" data-element_type=\"container\" data-settings=\"{&quot;background_background&quot;:&quot;classic&quot;}\">\n\t\t\t\t\t<div class=\"e-con-inner\">\n\t\t\t\t\t<\/div>\n\t\t\t\t<\/div>\n\t\t<div class=\"elementor-element elementor-element-f655464 e-flex e-con-boxed e-con e-parent\" data-id=\"f655464\" data-element_type=\"container\">\n\t\t\t\t\t<div class=\"e-con-inner\">\n\t\t\t\t<div class=\"elementor-element elementor-element-f22483d elementor-widget elementor-widget-heading\" data-id=\"f22483d\" data-element_type=\"widget\" data-widget_type=\"heading.default\">\n\t\t\t\t\t<h1 class=\"elementor-heading-title elementor-size-default\">Seniorsk\u00e9 veslov\u00e1n\u00ed<\/h1>\t\t\t\t<\/div>\n\t\t\t\t<div class=\"elementor-element elementor-element-26e56d1 elementor-widget-divider--view-line elementor-widget elementor-widget-divider\" data-id=\"26e56d1\" data-element_type=\"widget\" data-widget_type=\"divider.default\">\n\t\t\t\t\t\t\t<div class=\"elementor-divider\">\n\t\t\t<span class=\"elementor-divider-separator\">\n\t\t\t\t\t\t<\/span>\n\t\t<\/div>\n\t\t\t\t\t\t<\/div>\n\t\t\t\t\t<\/div>\n\t\t\t\t<\/div>\n\t\t<div class=\"elementor-element elementor-element-dc90816 e-flex e-con-boxed e-con e-parent\" data-id=\"dc90816\" data-element_type=\"container\">\n\t\t\t\t\t<div class=\"e-con-inner\">\n\t\t\t\t<div class=\"elementor-element elementor-element-129aa19 elementor-widget__width-initial elementor-widget elementor-widget-text-editor\" data-id=\"129aa19\" data-element_type=\"widget\" data-widget_type=\"text-editor.default\">\n\t\t\t\t\t\t\t\t\t<p>Z\u00e1kladna <strong>mu\u017esk\u00e9 kategorie<\/strong> je pod veden\u00edm tren\u00e9ra <em><strong>Shanea Bowerse<\/strong><\/em>. Mu\u017ei z VK Slavia Praha se pravideln\u011b \u00fa\u010dastn\u00ed Prim\u00e1torek, M\u010cR, M\u010cR sprintu a dru\u017estev a dal\u0161\u00edch z\u00e1vod\u016f. <br \/>Tr\u00e9ninky jsou veden\u00e9 v anglick\u00e9m jazyce.<\/p><p><strong>Kontakt<\/strong><br \/><strong><em>Shane Bowers<\/em><\/strong> <br \/><strong>tel<\/strong>: +420 775 470 639 <br \/><strong>e-mail<\/strong>: shanebowers68@yahoo.co.nz<\/p><p>Z\u00e1kladna <strong>\u017eensk\u00e9 kategorie<\/strong> je pod odborn\u00fdm veden\u00edm tren\u00e9ra <em><strong>Mgr. Josefa Luk\u0161e<\/strong><\/em>.<br \/>\u017deny z VK Slavia Praha se pravideln\u011b \u00fa\u010dastn\u00ed v\u0161ech d\u016fle\u017eit\u00fdch z\u00e1vod\u016f v letn\u00ed i zimn\u00ed sez\u00f3n\u011b.<\/p><p><strong>Kontakt<\/strong><br \/><em><strong>Mgr. Josef Luk\u0161<\/strong><\/em> <br \/><strong>tel<\/strong>: +420 608 073 942 <br \/><strong>e-mail<\/strong>: josef.luks@gmail.com<\/p>\t\t\t\t\t\t\t\t<\/div>\n\t\t\t\t\t<\/div>\n\t\t\t\t<\/div>\n\t\t\t\t<\/div>\n\t\t","protected":false},"excerpt":{"rendered":"<p>Seniorsk\u00e9 veslov\u00e1n\u00ed Z\u00e1kladna mu\u017esk\u00e9 kategorie je pod veden\u00edm tren\u00e9ra Shanea Bowerse. Mu\u017ei z VK Slavia Praha se pravideln\u011b \u00fa\u010dastn\u00ed Prim\u00e1torek, [&hellip;]<\/p>\n","protected":false},"author":2,"featured_media":0,"parent":0,"menu_order":0,"comment_status":"closed","ping_status":"closed","template":"","meta":{"site-sidebar-layout":"no-sidebar","site-content-layout":"","ast-site-content-layout":"full-width-container","site-content-style":"default","site-sidebar-style":"default","ast-global-header-display":"","ast-banner-title-visibility":"","ast-main-header-display":"","ast-hfb-above-header-display":"","ast-hfb-below-header-display":"","ast-hfb-mobile-header-display":"","site-post-title":"disabled","ast-breadcrumbs-content":"","ast-featured-img":"disabled","footer-sml-layout":"","theme-transparent-header-meta":"","adv-header-id-meta":"","stick-header-meta":"","header-above-stick-meta":"","header-main-stick-meta":"","header-below-stick-meta":"","astra-migrate-meta-layouts":"default","ast-page-background-enabled":"default","ast-page-background-meta":{"desktop":{"background-color":"var(--ast-global-color-5)","background-image":"","background-repeat":"repeat","background-position":"center center","background-size":"auto","background-attachment":"scroll","background-type":"","background-media":"","overlay-type":"","overlay-color":"","overlay-opacity":"","overlay-gradient":""},"tablet":{"background-color":"","background-image":"","background-repeat":"repeat","background-position":"center center","background-size":"auto","background-attachment":"scroll","background-type":"","background-media":"","overlay-type":"","overlay-color":"","overlay-opacity":"","overlay-gradient":""},"mobile":{"background-color":"","background-image":"","background-repeat":"repeat","background-position":"center center","background-size":"auto","background-attachment":"scroll","background-type":"","background-media":"","overlay-type":"","overlay-color":"","overlay-opacity":"","overlay-gradient":""}},"ast-content-background-meta":{"desktop":{"background-color":"var(--ast-global-color-4)","background-image":"","background-repeat":"repeat","background-position":"center center","background-size":"auto","background-attachment":"scroll","background-type":"","background-media":"","overlay-type":"","overlay-color":"","overlay-opacity":"","overlay-gradient":""},"tablet":{"background-color":"var(--ast-global-color-4)","background-image":"","background-repeat":"repeat","background-position":"center center","background-size":"auto","background-attachment":"scroll","background-type":"","background-media":"","overlay-type":"","overlay-color":"","overlay-opacity":"","overlay-gradient":""},"mobile":{"background-color":"var(--ast-global-color-4)","background-image":"","background-repeat":"repeat","background-position":"center center","background-size":"auto","background-attachment":"scroll","background-type":"","background-media":"","overlay-type":"","overlay-color":"","overlay-opacity":"","overlay-gradient":""}},"footnotes":""},"class_list":["post-94","page","type-page","status-publish","hentry"],"_links":{"self":[{"href":"https:\/\/vkslavia.cz\/index.php?rest_route=\/wp\/v2\/pages\/94","targetHints":{"allow":["GET"]}}],"collection":[{"href":"https:\/\/vkslavia.cz\/index.php?rest_route=\/wp\/v2\/pages"}],"about":[{"href":"https:\/\/vkslavia.cz\/index.php?rest_route=\/wp\/v2\/types\/page"}],"author":[{"embeddable":true,"href":"https:\/\/vkslavia.cz\/index.php?rest_route=\/wp\/v2\/users\/2"}],"replies":[{"embeddable":true,"href":"https:\/\/vkslavia.cz\/index.php?rest_route=%2Fwp%2Fv2%2Fcomments&post=94"}],"version-history":[{"count":31,"href":"https:\/\/vkslavia.cz\/index.php?rest_route=\/wp\/v2\/pages\/94\/revisions"}],"predecessor-version":[{"id":1401,"href":"https:\/\/vkslavia.cz\/index.php?rest_route=\/wp\/v2\/pages\/94\/revisions\/1401"}],"wp:attachment":[{"href":"https:\/\/vkslavia.cz\/index.php?rest_route=%2Fwp%2Fv2%2Fmedia&parent=94"}],"curies":[{"name":"wp","href":"https:\/\/api.w.org\/{rel}","templated":true}]}}