{"id":92,"date":"2025-11-03T21:35:02","date_gmt":"2025-11-03T21:35:02","guid":{"rendered":"https:\/\/vkslavia.oone.dev\/?page_id=92"},"modified":"2025-11-11T18:08:15","modified_gmt":"2025-11-11T18:08:15","slug":"dorostenci-a-juniori","status":"publish","type":"page","link":"https:\/\/vkslavia.cz\/?page_id=92","title":{"rendered":"Dorostenci a junio\u0159i"},"content":{"rendered":"\t\t<div data-elementor-type=\"wp-page\" data-elementor-id=\"92\" class=\"elementor elementor-92\">\n\t\t\t\t<div class=\"elementor-element elementor-element-4941c34 elementor-hidden-mobile elementor-hidden-tablet e-flex e-con-boxed e-con e-parent\" data-id=\"4941c34\" data-element_type=\"container\" data-settings=\"{&quot;background_background&quot;:&quot;classic&quot;}\">\n\t\t\t\t\t<div class=\"e-con-inner\">\n\t\t\t\t\t<\/div>\n\t\t\t\t<\/div>\n\t\t<div class=\"elementor-element elementor-element-2c60435 e-flex e-con-boxed e-con e-parent\" data-id=\"2c60435\" data-element_type=\"container\">\n\t\t\t\t\t<div class=\"e-con-inner\">\n\t\t\t\t<div class=\"elementor-element elementor-element-fb3f4a1 elementor-widget elementor-widget-heading\" data-id=\"fb3f4a1\" data-element_type=\"widget\" data-widget_type=\"heading.default\">\n\t\t\t\t\t<h1 class=\"elementor-heading-title elementor-size-default\">Dorosteneck\u00e9 a Juniorsk\u00e9 veslov\u00e1n\u00ed<\/h1>\t\t\t\t<\/div>\n\t\t\t\t<div class=\"elementor-element elementor-element-450dbc3 elementor-widget-divider--view-line elementor-widget elementor-widget-divider\" data-id=\"450dbc3\" data-element_type=\"widget\" data-widget_type=\"divider.default\">\n\t\t\t\t\t\t\t<div class=\"elementor-divider\">\n\t\t\t<span class=\"elementor-divider-separator\">\n\t\t\t\t\t\t<\/span>\n\t\t<\/div>\n\t\t\t\t\t\t<\/div>\n\t\t\t\t\t<\/div>\n\t\t\t\t<\/div>\n\t\t<div class=\"elementor-element elementor-element-6897424 e-flex e-con-boxed e-con e-parent\" data-id=\"6897424\" data-element_type=\"container\">\n\t\t\t\t\t<div class=\"e-con-inner\">\n\t\t\t\t<div class=\"elementor-element elementor-element-bb6550e elementor-widget__width-initial elementor-widget elementor-widget-text-editor\" data-id=\"bb6550e\" data-element_type=\"widget\" data-widget_type=\"text-editor.default\">\n\t\t\t\t\t\t\t\t\t<p>Dorosteneck\u00e9 a juniorsk\u00e9 kategorie jsou veden\u00e9 zku\u0161en\u00fdmi mlad\u00fdmi tren\u00e9ry. Tr\u00e9ninky prob\u00edhaj\u00ed 6x v t\u00fddnu. \u00da\u010dast na n\u011bkolika z\u00e1vodech v letn\u00ed i zimn\u00ed sez\u00f3n\u011b je samoz\u0159ejmost\u00ed. Skupiny spole\u010dn\u011b vyj\u00ed\u017ed\u011bj\u00ed na zimn\u00ed, jarn\u00ed i letn\u00ed soust\u0159ed\u011bn\u00ed. V pr\u016fb\u011bhu roku se vesla\u0159ky a vesla\u0159i \u00fa\u010dastn\u00ed ml\u00e1de\u017enick\u00fdch testov\u00e1n\u00ed v\u010detn\u011b juniorsk\u00e9 reprezentace.<\/p>\t\t\t\t\t\t\t\t<\/div>\n\t\t\t\t\t<\/div>\n\t\t\t\t<\/div>\n\t\t<div class=\"elementor-element elementor-element-96fc55e e-flex e-con-boxed e-con e-parent\" data-id=\"96fc55e\" data-element_type=\"container\">\n\t\t\t\t\t<div class=\"e-con-inner\">\n\t\t<div class=\"elementor-element elementor-element-43cf4f8 e-con-full e-flex e-con e-child\" data-id=\"43cf4f8\" data-element_type=\"container\">\n\t\t\t\t<div class=\"elementor-element elementor-element-13ef168 elementor-widget elementor-widget-text-editor\" data-id=\"13ef168\" data-element_type=\"widget\" data-widget_type=\"text-editor.default\">\n\t\t\t\t\t\t\t\t\t<p><strong>Kontakt tren\u00e9r chlapc\u016f:<\/strong><\/p><p><em><strong>Mgr. Michal Zaj\u00ed\u010dek<\/strong><\/em><br \/>Skupina: Junio\u0159i, Dorostenci<br \/>e-mail: mz.michalzajicek@gmail.com<br \/>telefon: +420 777 726 046<\/p>\t\t\t\t\t\t\t\t<\/div>\n\t\t\t\t<\/div>\n\t\t<div class=\"elementor-element elementor-element-c665290 e-con-full e-flex e-con e-child\" data-id=\"c665290\" data-element_type=\"container\">\n\t\t\t\t<div class=\"elementor-element elementor-element-c8378bd elementor-widget elementor-widget-text-editor\" data-id=\"c8378bd\" data-element_type=\"widget\" data-widget_type=\"text-editor.default\">\n\t\t\t\t\t\t\t\t\t<p><strong>Kontakt tren\u00e9r d\u00edvek:<\/strong><\/p><p><em><strong>V\u00edt Sm\u00edtka<\/strong><\/em><br \/>Skupina: Juniorky, Dorostenky <br \/>e-mail: vitek.smitka3@gmail.com<br \/>telefon: +420 775 634 405<\/p>\t\t\t\t\t\t\t\t<\/div>\n\t\t\t\t<\/div>\n\t\t\t\t\t<\/div>\n\t\t\t\t<\/div>\n\t\t\t\t<\/div>\n\t\t","protected":false},"excerpt":{"rendered":"<p>Dorosteneck\u00e9 a Juniorsk\u00e9 veslov\u00e1n\u00ed Dorosteneck\u00e9 a juniorsk\u00e9 kategorie jsou veden\u00e9 zku\u0161en\u00fdmi mlad\u00fdmi tren\u00e9ry. Tr\u00e9ninky prob\u00edhaj\u00ed 6x v t\u00fddnu. \u00da\u010dast na [&hellip;]<\/p>\n","protected":false},"author":2,"featured_media":0,"parent":0,"menu_order":0,"comment_status":"closed","ping_status":"closed","template":"","meta":{"site-sidebar-layout":"no-sidebar","site-content-layout":"","ast-site-content-layout":"full-width-container","site-content-style":"default","site-sidebar-style":"default","ast-global-header-display":"","ast-banner-title-visibility":"","ast-main-header-display":"","ast-hfb-above-header-display":"","ast-hfb-below-header-display":"","ast-hfb-mobile-header-display":"","site-post-title":"disabled","ast-breadcrumbs-content":"","ast-featured-img":"disabled","footer-sml-layout":"","theme-transparent-header-meta":"","adv-header-id-meta":"","stick-header-meta":"","header-above-stick-meta":"","header-main-stick-meta":"","header-below-stick-meta":"","astra-migrate-meta-layouts":"default","ast-page-background-enabled":"default","ast-page-background-meta":{"desktop":{"background-color":"var(--ast-global-color-5)","background-image":"","background-repeat":"repeat","background-position":"center center","background-size":"auto","background-attachment":"scroll","background-type":"","background-media":"","overlay-type":"","overlay-color":"","overlay-opacity":"","overlay-gradient":""},"tablet":{"background-color":"","background-image":"","background-repeat":"repeat","background-position":"center center","background-size":"auto","background-attachment":"scroll","background-type":"","background-media":"","overlay-type":"","overlay-color":"","overlay-opacity":"","overlay-gradient":""},"mobile":{"background-color":"","background-image":"","background-repeat":"repeat","background-position":"center center","background-size":"auto","background-attachment":"scroll","background-type":"","background-media":"","overlay-type":"","overlay-color":"","overlay-opacity":"","overlay-gradient":""}},"ast-content-background-meta":{"desktop":{"background-color":"var(--ast-global-color-4)","background-image":"","background-repeat":"repeat","background-position":"center center","background-size":"auto","background-attachment":"scroll","background-type":"","background-media":"","overlay-type":"","overlay-color":"","overlay-opacity":"","overlay-gradient":""},"tablet":{"background-color":"var(--ast-global-color-4)","background-image":"","background-repeat":"repeat","background-position":"center center","background-size":"auto","background-attachment":"scroll","background-type":"","background-media":"","overlay-type":"","overlay-color":"","overlay-opacity":"","overlay-gradient":""},"mobile":{"background-color":"var(--ast-global-color-4)","background-image":"","background-repeat":"repeat","background-position":"center center","background-size":"auto","background-attachment":"scroll","background-type":"","background-media":"","overlay-type":"","overlay-color":"","overlay-opacity":"","overlay-gradient":""}},"footnotes":""},"class_list":["post-92","page","type-page","status-publish","hentry"],"_links":{"self":[{"href":"https:\/\/vkslavia.cz\/index.php?rest_route=\/wp\/v2\/pages\/92","targetHints":{"allow":["GET"]}}],"collection":[{"href":"https:\/\/vkslavia.cz\/index.php?rest_route=\/wp\/v2\/pages"}],"about":[{"href":"https:\/\/vkslavia.cz\/index.php?rest_route=\/wp\/v2\/types\/page"}],"author":[{"embeddable":true,"href":"https:\/\/vkslavia.cz\/index.php?rest_route=\/wp\/v2\/users\/2"}],"replies":[{"embeddable":true,"href":"https:\/\/vkslavia.cz\/index.php?rest_route=%2Fwp%2Fv2%2Fcomments&post=92"}],"version-history":[{"count":37,"href":"https:\/\/vkslavia.cz\/index.php?rest_route=\/wp\/v2\/pages\/92\/revisions"}],"predecessor-version":[{"id":1359,"href":"https:\/\/vkslavia.cz\/index.php?rest_route=\/wp\/v2\/pages\/92\/revisions\/1359"}],"wp:attachment":[{"href":"https:\/\/vkslavia.cz\/index.php?rest_route=%2Fwp%2Fv2%2Fmedia&parent=92"}],"curies":[{"name":"wp","href":"https:\/\/api.w.org\/{rel}","templated":true}]}}