{"id":90,"date":"2025-11-03T21:34:33","date_gmt":"2025-11-03T21:34:33","guid":{"rendered":"https:\/\/vkslavia.oone.dev\/?page_id=90"},"modified":"2025-11-11T10:36:28","modified_gmt":"2025-11-11T10:36:28","slug":"mladsi-a-starsi-zactvo","status":"publish","type":"page","link":"https:\/\/vkslavia.cz\/?page_id=90","title":{"rendered":"Mlad\u0161\u00ed a star\u0161\u00ed \u017eactvo"},"content":{"rendered":"\t\t<div data-elementor-type=\"wp-page\" data-elementor-id=\"90\" class=\"elementor elementor-90\">\n\t\t\t\t<div class=\"elementor-element elementor-element-000e08f elementor-hidden-mobile elementor-hidden-tablet e-flex e-con-boxed e-con e-parent\" data-id=\"000e08f\" data-element_type=\"container\" data-settings=\"{&quot;background_background&quot;:&quot;classic&quot;}\">\n\t\t\t\t\t<div class=\"e-con-inner\">\n\t\t\t\t\t<\/div>\n\t\t\t\t<\/div>\n\t\t<div class=\"elementor-element elementor-element-6ab9ebf e-flex e-con-boxed e-con e-parent\" data-id=\"6ab9ebf\" data-element_type=\"container\">\n\t\t\t\t\t<div class=\"e-con-inner\">\n\t\t\t\t<div class=\"elementor-element elementor-element-6522897 elementor-widget elementor-widget-heading\" data-id=\"6522897\" data-element_type=\"widget\" data-widget_type=\"heading.default\">\n\t\t\t\t\t<h1 class=\"elementor-heading-title elementor-size-default\">Mlad\u0161\u00ed a star\u0161\u00ed \u017eactvo<\/h1>\t\t\t\t<\/div>\n\t\t\t\t<div class=\"elementor-element elementor-element-f6132c4 elementor-widget-divider--view-line elementor-widget elementor-widget-divider\" data-id=\"f6132c4\" data-element_type=\"widget\" data-widget_type=\"divider.default\">\n\t\t\t\t\t\t\t<div class=\"elementor-divider\">\n\t\t\t<span class=\"elementor-divider-separator\">\n\t\t\t\t\t\t<\/span>\n\t\t<\/div>\n\t\t\t\t\t\t<\/div>\n\t\t\t\t<div class=\"elementor-element elementor-element-17074f1 elementor-widget__width-initial elementor-widget elementor-widget-text-editor\" data-id=\"17074f1\" data-element_type=\"widget\" data-widget_type=\"text-editor.default\">\n\t\t\t\t\t\t\t\t\t<p>P\u0159idej se k n\u00e1m a objev kouzlo veslov\u00e1n\u00ed! Hled\u00e1me holky a kluky ve v\u011bku 10\u201316 let, kte\u0159\u00ed cht\u011bj\u00ed za\u017e\u00edt dobrodru\u017estv\u00ed na vod\u011b, zlep\u0161it svou kondici a naj\u00edt skv\u011blou partu p\u0159\u00e1tel.<\/p><p><strong>\ud83d\udccd Kde n\u00e1s najdete?<\/strong><\/p><p>Lod\u011bnice VK Slavia, N\u00e1b\u0159e\u017en\u00ed 87\/2, Praha 5 &#8211; Sm\u00edchov (naproti Tan\u010d\u00edc\u00edmu domu).<\/p><p><strong>\ud83d\udd52 Kdy tr\u00e9nujeme?<\/strong><\/p><p>Ka\u017ed\u00fd v\u0161edn\u00ed den od 16:00 hodin. Ne\u017e n\u00e1s poprv\u00e9 nav\u0161t\u00edv\u00edte, doporu\u010dujeme kontaktovat na\u0161e tren\u00e9ry a domluvit si term\u00edn \u00favodn\u00edho tr\u00e9ninku. Pokud se v\u00e1m veslov\u00e1n\u00ed zal\u00edb\u00ed, r\u00e1di v\u00e1s p\u0159ijmeme do klubu! T\u011b\u0161\u00edme se na v\u00e1s na vod\u011b!<\/p><p><strong>\ud83d\udcde Kontakty<\/strong><\/p><p><strong><em>Barbora Hanzlov\u00e1<\/em><\/strong> <br \/>tel: +420 731 280 095 <br \/>e-mail: hanzlova.barbora6@gmail.com<\/p><p><em><strong>Nikola Koi\u0161ov\u00e1<\/strong><\/em> <br \/>tel: +420 734 307 237 <br \/>e-mail: nikikoi@seznam.cz<\/p><p><em><strong>Ella Nejezchlebov\u00e1<\/strong><\/em><br \/>tel: +420 734 443 003 <br \/>e-mail: ellajustyna@gmail.com<\/p>\t\t\t\t\t\t\t\t<\/div>\n\t\t\t\t<div class=\"elementor-element elementor-element-3507151 elementor-widget elementor-widget-button\" data-id=\"3507151\" data-element_type=\"widget\" data-widget_type=\"button.default\">\n\t\t\t\t\t\t\t\t\t\t<a class=\"elementor-button elementor-button-link elementor-size-sm\" href=\"https:\/\/docs.google.com\/forms\/d\/e\/1FAIpQLSfbrLOsfTkDBEloPhCUwkqWhFnmNJBw4L8rmaK8JWRgvMJhZg\/viewform\">\n\t\t\t\t\t\t<span class=\"elementor-button-content-wrapper\">\n\t\t\t\t\t\t\t\t\t<span class=\"elementor-button-text\">Dotazn\u00edk<\/span>\n\t\t\t\t\t<\/span>\n\t\t\t\t\t<\/a>\n\t\t\t\t\t\t\t\t<\/div>\n\t\t\t\t\t<\/div>\n\t\t\t\t<\/div>\n\t\t\t\t<\/div>\n\t\t","protected":false},"excerpt":{"rendered":"<p>Mlad\u0161\u00ed a star\u0161\u00ed \u017eactvo P\u0159idej se k n\u00e1m a objev kouzlo veslov\u00e1n\u00ed! Hled\u00e1me holky a kluky ve v\u011bku 10\u201316 let, [&hellip;]<\/p>\n","protected":false},"author":2,"featured_media":0,"parent":0,"menu_order":0,"comment_status":"closed","ping_status":"closed","template":"","meta":{"site-sidebar-layout":"no-sidebar","site-content-layout":"","ast-site-content-layout":"full-width-container","site-content-style":"default","site-sidebar-style":"default","ast-global-header-display":"","ast-banner-title-visibility":"","ast-main-header-display":"","ast-hfb-above-header-display":"","ast-hfb-below-header-display":"","ast-hfb-mobile-header-display":"","site-post-title":"disabled","ast-breadcrumbs-content":"","ast-featured-img":"disabled","footer-sml-layout":"","theme-transparent-header-meta":"","adv-header-id-meta":"","stick-header-meta":"","header-above-stick-meta":"","header-main-stick-meta":"","header-below-stick-meta":"","astra-migrate-meta-layouts":"default","ast-page-background-enabled":"default","ast-page-background-meta":{"desktop":{"background-color":"var(--ast-global-color-5)","background-image":"","background-repeat":"repeat","background-position":"center center","background-size":"auto","background-attachment":"scroll","background-type":"","background-media":"","overlay-type":"","overlay-color":"","overlay-opacity":"","overlay-gradient":""},"tablet":{"background-color":"","background-image":"","background-repeat":"repeat","background-position":"center center","background-size":"auto","background-attachment":"scroll","background-type":"","background-media":"","overlay-type":"","overlay-color":"","overlay-opacity":"","overlay-gradient":""},"mobile":{"background-color":"","background-image":"","background-repeat":"repeat","background-position":"center center","background-size":"auto","background-attachment":"scroll","background-type":"","background-media":"","overlay-type":"","overlay-color":"","overlay-opacity":"","overlay-gradient":""}},"ast-content-background-meta":{"desktop":{"background-color":"var(--ast-global-color-4)","background-image":"","background-repeat":"repeat","background-position":"center center","background-size":"auto","background-attachment":"scroll","background-type":"","background-media":"","overlay-type":"","overlay-color":"","overlay-opacity":"","overlay-gradient":""},"tablet":{"background-color":"var(--ast-global-color-4)","background-image":"","background-repeat":"repeat","background-position":"center center","background-size":"auto","background-attachment":"scroll","background-type":"","background-media":"","overlay-type":"","overlay-color":"","overlay-opacity":"","overlay-gradient":""},"mobile":{"background-color":"var(--ast-global-color-4)","background-image":"","background-repeat":"repeat","background-position":"center center","background-size":"auto","background-attachment":"scroll","background-type":"","background-media":"","overlay-type":"","overlay-color":"","overlay-opacity":"","overlay-gradient":""}},"footnotes":""},"class_list":["post-90","page","type-page","status-publish","hentry"],"_links":{"self":[{"href":"https:\/\/vkslavia.cz\/index.php?rest_route=\/wp\/v2\/pages\/90","targetHints":{"allow":["GET"]}}],"collection":[{"href":"https:\/\/vkslavia.cz\/index.php?rest_route=\/wp\/v2\/pages"}],"about":[{"href":"https:\/\/vkslavia.cz\/index.php?rest_route=\/wp\/v2\/types\/page"}],"author":[{"embeddable":true,"href":"https:\/\/vkslavia.cz\/index.php?rest_route=\/wp\/v2\/users\/2"}],"replies":[{"embeddable":true,"href":"https:\/\/vkslavia.cz\/index.php?rest_route=%2Fwp%2Fv2%2Fcomments&post=90"}],"version-history":[{"count":40,"href":"https:\/\/vkslavia.cz\/index.php?rest_route=\/wp\/v2\/pages\/90\/revisions"}],"predecessor-version":[{"id":1312,"href":"https:\/\/vkslavia.cz\/index.php?rest_route=\/wp\/v2\/pages\/90\/revisions\/1312"}],"wp:attachment":[{"href":"https:\/\/vkslavia.cz\/index.php?rest_route=%2Fwp%2Fv2%2Fmedia&parent=90"}],"curies":[{"name":"wp","href":"https:\/\/api.w.org\/{rel}","templated":true}]}}