{"id":82,"date":"2025-11-03T21:32:08","date_gmt":"2025-11-03T21:32:08","guid":{"rendered":"https:\/\/vkslavia.oone.dev\/?page_id=82"},"modified":"2025-11-11T11:02:41","modified_gmt":"2025-11-11T11:02:41","slug":"historie","status":"publish","type":"page","link":"https:\/\/vkslavia.cz\/?page_id=82","title":{"rendered":"Historie"},"content":{"rendered":"\t\t<div data-elementor-type=\"wp-page\" data-elementor-id=\"82\" class=\"elementor elementor-82\">\n\t\t\t\t<div class=\"elementor-element elementor-element-148a1e6 elementor-hidden-mobile elementor-hidden-tablet e-flex e-con-boxed e-con e-parent\" data-id=\"148a1e6\" data-element_type=\"container\" data-settings=\"{&quot;background_background&quot;:&quot;classic&quot;}\">\n\t\t\t\t\t<div class=\"e-con-inner\">\n\t\t\t\t\t<\/div>\n\t\t\t\t<\/div>\n\t\t<div class=\"elementor-element elementor-element-81c96bb e-flex e-con-boxed e-con e-parent\" data-id=\"81c96bb\" data-element_type=\"container\">\n\t\t\t\t\t<div class=\"e-con-inner\">\n\t\t\t\t<div class=\"elementor-element elementor-element-ea52918 elementor-widget elementor-widget-heading\" data-id=\"ea52918\" data-element_type=\"widget\" data-widget_type=\"heading.default\">\n\t\t\t\t\t<h1 class=\"elementor-heading-title elementor-size-default\">Historie VK Slavia Praha<\/h1>\t\t\t\t<\/div>\n\t\t\t\t<div class=\"elementor-element elementor-element-ca8e205 elementor-widget-divider--view-line elementor-widget elementor-widget-divider\" data-id=\"ca8e205\" data-element_type=\"widget\" data-widget_type=\"divider.default\">\n\t\t\t\t\t\t\t<div class=\"elementor-divider\">\n\t\t\t<span class=\"elementor-divider-separator\">\n\t\t\t\t\t\t<\/span>\n\t\t<\/div>\n\t\t\t\t\t\t<\/div>\n\t\t\t\t<div class=\"elementor-element elementor-element-089b8b3 elementor-widget__width-initial elementor-widget elementor-widget-text-editor\" data-id=\"089b8b3\" data-element_type=\"widget\" data-widget_type=\"text-editor.default\">\n\t\t\t\t\t\t\t\t\t<div class=\"wnd-align-justify\">Dne 17. \u0159\u00edjna roku 1885 se se\u0161li ve vin\u00e1rn\u011b U Brej\u0161k\u016f ve Sp\u00e1len\u00e9 ulici z\u00e1stupci \u010cesk\u00e9ho vesla\u0159sk\u00e9ho a brusla\u0159sk\u00e9ho klubu a VK Triton, aby zalo\u017eili spole\u010dn\u00fd klub pod n\u00e1zvem Slavia &#8211; klub \u010desk\u00fdch vesla\u0159\u016f. Prvn\u00edm p\u0159edsedou se stal Ing. Josef Renner, v\u00fdrazn\u00fd mecen\u00e1\u0161. O rok pozd\u011bji byl klub p\u0159ejmenov\u00e1n na VK Slavia a schv\u00e1lena klubov\u00e1 vlajka s b\u00edl\u00fdm S na \u010derven\u00e9m podkladu s osmi rovnob\u011b\u017en\u00fdmi st\u0159\u00eddav\u011b \u010derven\u00fdmi a b\u00edl\u00fdmi pruhy. Jejich po\u010det symbolizuje po\u010det zakl\u00e1daj\u00edc\u00edch \u010dlen\u016f. Sl\u00e1vist\u00e9 dosahovali cenn\u00fdch v\u00edt\u011bzstv\u00ed doma i v zahrani\u010d\u00ed. K vrchol\u016fm prvn\u00edch dvaceti let klubu pat\u0159\u00ed dv\u011b bronzov\u00e9 medaile z mistrovstv\u00ed Evropy skifa\u0159e Langhanse. Cenn\u00e1 jsou i v\u00edt\u011bzstv\u00ed Ko\u017eicha, Langhanse, Havl\u00ed\u010dka, \u010cern\u00e9ho, V\u00e1vry a \u0160ourka v Jarn\u00edm skul\u00e9rsk\u00e9m z\u00e1vod\u011b.<\/div><p>V roce 1905 Josef Renner odch\u00e1z\u00ed se skupinou dal\u0161\u00edch \u010dlen\u016f a zakl\u00e1d\u00e1 \u010cVK Praha. V roce 1910 vyhr\u00e1v\u00e1 VK Slavia prvn\u00ed ro\u010dn\u00edk Prim\u00e1torsk\u00fdch osmiveslic, d\u00e1le pak v letech 1926, 1928 (v t\u00e9to osm\u011b sed\u011bl i legend\u00e1rn\u00ed vesla\u0159 a pozd\u011bji tren\u00e9r Vojt\u011bch Hv\u011bzda) a 1938. Na ME 1925 v Praze z\u00edskal Gerhard s m\u011blnick\u00fdm Strakou bronzovou medaili a stejn\u00fd kov vybojovali na dvojce bez kormideln\u00edka Novotn\u00fd a Schnabel. Sl\u00e1visti\u010dt\u00ed sportovci v zim\u011b bruslili; dlouholet\u00fd p\u0159edseda klubu Ing. Anton\u00edn Peka byl reprezenta\u010dn\u00edm hokejov\u00fdm brank\u00e1\u0159em. V\u011bnovali se krasobruslen\u00ed, rychlobruslen\u00ed, cyklistice a turistice na vod\u011b i na suchu. \u010cleny klubu byli i vod\u00e1ci. Po 2. sv\u011btov\u00e9 v\u00e1lce dosahovali z\u00e1vodn\u00edci klubu \u0159ady sportovn\u00edch \u00fasp\u011bch\u016f. Vod\u00e1ci startovali v dresu Sl\u00e1vie naposledy v roce 1948. Sl\u00e1vistick\u00fd Bohumil Kudrna spole\u010dn\u011b s Janem Brz\u00e1kem &#8211; Felixem zv\u00edt\u011bzili v kanoi dvojic na 1000 m na OH v Lond\u00fdn\u011b. Na ME v Henley slavisti\u010dt\u00ed Kl\u00edma a Lomeck\u00fd spole\u010dn\u011b s podolsk\u00fdmi Krou\u017eilem a Pechem skon\u010dili na \u010dty\u0159kajaku t\u0159et\u00ed. T\u00edm sou\u017eit\u00ed vod\u00e1k\u016f s vesla\u0159i skon\u010dilo.<\/p><p>\u010clenov\u00e9 klubu (od roku 1948 pod n\u00e1zvy Sokol Sm\u00edchov I, Spartak SWP, TJ Naftov\u00e9 motory) slavili mnoho sportovn\u00edch \u00fasp\u011bch\u016f. Z cel\u00e9 \u0159ady z\u00e1vodn\u00edk\u016f p\u0159ipomeneme \u00fa\u010dastn\u00edky OH a ME tyto: Hanu Musilovou &#8211; mistryni Evropy, L. Musila, J\u00ed\u0161ku, Starostu, L\u00edbala, Bla\u017eka, Palka, Chalupu st., Poisla, Mejst\u0159\u00edka, \u0160tefana, Karafi\u00e1ta, Koudelu, Suchop\u00e1ra, \u0160varcovou-Mare\u0161ovou, sestry Olinu a Zdenu Tich\u00e9. Sl\u00e1vist\u00e9 byli v\u017edy aktivn\u00edmi funkcion\u00e1\u0159i a tren\u00e9ry v r\u00e1mci republiky i v mezin\u00e1rodn\u00edm m\u011b\u0159\u00edtku (J. Dyrynk, Z. Kolovrat, J. Krupi\u010dka, T. Kub\u00edk, L. Musil, A. M\u017eourek, brat\u0159i J. a M. Stiebitzov\u00e9, MUDr. A. Valach, F. Cvr\u010dek, A. Poisl, Z. Mejst\u0159\u00edk).<\/p><p>V\u00fdrazn\u00e1 zm\u011bna nastala v roce 1975 p\u0159estupem odd\u00edlu z TJ Naftov\u00fdch motor\u016f pod sportovn\u00ed jednotu Slavia Praha IPS. Byl to nejen n\u00e1vrat ke jm\u00e9nu Slavia, ale zlep\u0161ily se i materi\u00e1ln\u00ed podm\u00ednky v odd\u00edle. VK Slavia n\u011bkolikr\u00e1t zv\u00edt\u011bzila v \u010ceskoslovensk\u00e9m poh\u00e1ru vesla\u0159sk\u00fdch odd\u00edl\u016f, a to i v roce 1977, kdy po\u017e\u00e1r zni\u010dil tak\u0159ka v\u0161echny lod\u011b. Z \u00fa\u010dastn\u00edk\u016f MS a OH jmenujme alespo\u0148 bratry P. a L. Ondr\u00e1\u010dky, J. Weisse, M. Lahol\u00edka, P. \u0164ahana, B. N\u011bmcovou a H. Krej\u010dovou, bratry Hlad\u00edky, J. Maka, \u0160vr\u010dka, Kr\u00e1le a \u0160evelu.<\/p><p>Do roku 1989 postupn\u011b klesala sportovn\u00ed \u00farove\u0148. Na p\u0159elomu 80. a 90. let \u0159e\u0161ila VK Slavia existen\u010dn\u00ed probl\u00e9my. Ty se poda\u0159ilo vy\u0159e\u0161it ve spolupr\u00e1ci s podnikateli z \u0159ad vesla\u0159\u016f (J. Kejval, rodiny P\u011bkn\u00fdch a Norkov\u00fdch, R. L\u00edbal a dal\u0161\u00ed). Za\u010d\u00edn\u00e1 se roz\u0161i\u0159ovat veslov\u00e1n\u00ed veter\u00e1n\u016f (pozd\u011bji masters).<\/p><p>Od roku 1994 pracuje v klubu profesion\u00e1ln\u00ed tren\u00e9r F. Koudela. Dopl\u0148uje se vesla\u0159sk\u00fd park a roz\u0161i\u0159uje vesla\u0159sk\u00e1 z\u00e1kladna. Od roku 1996 je p\u0159edsedou \u010cesk\u00e9ho vesla\u0159sk\u00e9ho svazu Ing. Ji\u0159\u00ed Kejval. Ing. A. Poisl je p\u0159edsedou komise rozhod\u010d\u00edch. V \u010cesk\u00e9m vesla\u0159sk\u00e9m svazu jsou je\u0161t\u011b aktivn\u00ed F. Cvr\u010dek, J. Krupi\u010dka a dal\u0161\u00ed.<\/p><p>V roce 1997 doch\u00e1z\u00ed k demolici star\u00e9 lod\u011bnice a na stejn\u00e9m m\u00edst\u011b je zah\u00e1jena v\u00fdstavba nov\u00fdch prostor pro klubovou \u010dinnost. V roce 1998 je zvolen nov\u00fd v\u00fdbor v \u010dele s Pavlem P\u011bkn\u00fdm. Nov\u00e9 prostory byly slavnostn\u011b otev\u0159eny 1. kv\u011btna 1999. Slavia tak m\u00e1 po 114 letech st\u011bhov\u00e1n\u00ed a r\u016fzn\u00fdch proviz\u00f3ri\u00ed prostory a z\u00e1zem\u00ed hodn\u00e9 klubu takov\u00e9 tradice. U t\u00e9to p\u0159\u00edle\u017eitosti je jmenov\u00e1no prvn\u00edch 19 zaslou\u017eil\u00fdch \u010dlen\u016f, kte\u0159\u00ed dost\u00e1vaj\u00ed o\u010d\u00edslovan\u00e9 odznaky a diplomy. \u010c\u00edslo 1 pat\u0159\u00ed legend\u00e1rn\u00edmu tren\u00e9rovi a funkcion\u00e1\u0159i Anton\u00ednu M\u017eourkovi in memoriam. D\u00e1le n\u011bkolik sl\u00e1vistick\u00fdch p\u0159\u00edznivc\u016f a podporovatel\u016f obdr\u017eelo odznak &#8222;\u010cestn\u00fd \u010dlen&#8220;. V roce 2016 m\u00e1 ji\u017e klub celkem 46 \u010d\u00edslovan\u00fdch zaslou\u017eil\u00fdch a 30 \u010destn\u00fdch \u010dlen\u016f.<\/p><p>V roce 2000 odch\u00e1z\u00ed F. Koudela do Dukly Praha a \u0161\u00e9ftren\u00e9rem se st\u00e1v\u00e1 Franti\u0161ek Cvr\u010dek. Jeho zku\u0161enosti a taktick\u00e9 \u0159\u00edzen\u00ed klubu vy\u00fastily v roce 2001 ve v\u00edt\u011bzstv\u00ed VK Slavia v \u010cesk\u00e9m poh\u00e1ru po mnoha letech. V dal\u0161\u00edch letech ji\u017e klub dr\u017e\u00ed nejvy\u0161\u0161\u00ed pozice mezi \u010desk\u00fdmi kluby a pohybuje se v\u011bt\u0161inou na 2. a\u017e 4. m\u00edst\u011b.<\/p><p>V roce 2000 vych\u00e1z\u00ed nov\u00e1 vesla\u0159sk\u00e1 hv\u011bzda Mirka Knapkov\u00e1, kter\u00e1 p\u0159i\u0161la z Brna do Prahy na studia. Ji\u017e v roce 2001 se pod tren\u00e9rsk\u00fdm veden\u00edm Tom\u00e1\u0161e Kacovsk\u00e9ho (je jej\u00edm tren\u00e9rem dosud) z\u00fa\u010dast\u0148uje mistrovstv\u00ed sv\u011bta ve skifu \u017een a kon\u010d\u00ed na nad\u011bjn\u00e9m 10. m\u00edst\u011b. Ji\u017e v roce 2002 vyhr\u00e1v\u00e1 Sv\u011btov\u00fd poh\u00e1r a st\u00e1v\u00e1 se akademickou mistryn\u00ed sv\u011bta.<\/p><p>Rok 2002 p\u0159inesl tak\u00e9 katastrofickou povode\u0148, p\u0159i n\u00ed\u017e byla nov\u00e1 klubov\u00e1 budova a\u017e pod strop p\u0159\u00edzem\u00ed zaplavena vodou a zna\u010dn\u011b po\u0161kozena. Je\u0161t\u011b vy\u0161\u0161\u00ed vrstva vody bl\u00ed\u017e\u00edc\u00ed se 3 m byla v lod\u011bnici. D\u00edky vysok\u00e9 ob\u011btavosti \u010dlen\u016f klubu byly lod\u011b v\u010das p\u0159em\u00edst\u011bny do bezpe\u010d\u00ed, a tak se vznikl\u00e9 \u0161kody (p\u0159esto dost vysok\u00e9) poda\u0159ilo minimalizovat.<\/p><p>V roce 2003 zakl\u00e1d\u00e1 Ji\u0159\u00ed Svoboda s podporou sv\u00e9 firmy Sving centrum univerzitn\u00edho veslov\u00e1n\u00ed a VK Slavia se st\u00e1v\u00e1 i univerzitn\u00edm klubem. V Praze studuj\u00edc\u00ed vesla\u0159i maj\u00ed mo\u017enost zapojen\u00ed a z\u00edsk\u00e1n\u00ed finan\u010dn\u00ed podpory p\u0159i studiu.<\/p><p>V roce 2004 organizuje VK Slavia z pov\u011b\u0159en\u00ed \u010cVS mezin\u00e1rodn\u00ed FISA Rowing Tour, kdy 90 rekrea\u010dn\u00edch vesla\u0159\u016f ze 17 zem\u00ed cel\u00e9ho sv\u011bta na zap\u016fj\u010den\u00fdch gigov\u00fdch lod\u00edch z N\u011bmecka sj\u00ed\u017ed\u011bli Vltavu od T\u00fdna nad Vltavou do Prahy b\u011bhem jednoho t\u00fddne (v\u010detn\u011b doprovodn\u00e9ho programu). Mimo\u0159\u00e1dn\u011b n\u00e1ro\u010dn\u00e1 akce byla \u00fa\u010dastn\u00edky i organizac\u00ed FISA hodnocena velmi kladn\u011b.<\/p><p>V roce 2004 odstupuje z funkce p\u0159edsedy Pavel P\u011bkn\u00fd a nov\u00fdm p\u0159edsedou je zvolen Ji\u0159\u00ed Pol\u00e1\u010dek, kter\u00fd tuto funkci vykon\u00e1v\u00e1 dosud. V t\u00e9m\u017ee roce z\u00edsk\u00e1v\u00e1 na OH 2004 v At\u00e9n\u00e1ch p\u00e1rov\u00e1 \u010dty\u0159ka mu\u017e\u016f se sl\u00e1vistou Jakubem Han\u00e1kem a s tren\u00e9rem Sergejem Kru\u0165akovem fantastickou st\u0159\u00edbrnou medaili.<\/p><p>V roce 2005 byla dokon\u010dena n\u00e1ro\u010dn\u00e1 rekonstrukce dlouhodob\u011b pronajat\u00fdch tr\u00e9ninkov\u00fdch prostor p\u0159es ulici v n\u00e1b\u0159e\u017en\u00ed zdi. D\u016fstojn\u00e9 z\u00e1zem\u00ed a posilovnu si klub po dlouh\u00fdch letech zaslou\u017eil.<\/p><p>V roce 2005 do\u0161lo k v\u00fdznamn\u00e9 dohod\u011b VK Slavia s majoritn\u00edm vlastn\u00edkem nov\u00e9 klubov\u00e9 budovy spole\u010dnost\u00ed RODOP, kter\u00e1 vymezuje dlouhodob\u011b zp\u016fsob vyu\u017e\u00edv\u00e1n\u00ed budovy i pozemku pro oba u\u017eivatele. Smlouva byla podeps\u00e1na p\u0159edstaviteli VK, z\u00e1stupci SK Slavia (vlastn\u00edk pozemku) a firmou RODOP.<\/p><p>V letech 2007 a 2008 z\u00edsk\u00e1vaj\u00ed cenn\u00e9 mezin\u00e1rodn\u00ed \u00fasp\u011bchy ve dvojskifu \u017een Jitka Anto\u0161ov\u00e1 a Gabriela Va\u0159ekov\u00e1, kter\u00e9 se pod veden\u00edm tren\u00e9ra Josefa Luk\u0161e kvalifikovaly i na OH 2008 v Pekingu, kde se probojovaly do fin\u00e1le, av\u0161ak za nemocnou Jitku Anto\u0161ovou byla nucena zasko\u010dit Mirka Knapkov\u00e1 a d\u011bv\u010data skon\u010dila \u0161est\u00e1.<\/p><p>Jitka Anto\u0161ov\u00e1 se v roce 2009 stala v Ra\u010dic\u00edch ve skifu \u017een suver\u00e9nn\u00edm zp\u016fsobem mistryn\u00ed sv\u011bta do 23 let a v roce 2010 v ma\u010farsk\u00e9m Szegedu akademickou mistryn\u00ed sv\u011bta, co\u017e zopakovala je\u0161t\u011b v roce 2012 v rusk\u00e9 Kazani.<\/p><p><strong>Roky 2011 a 2012 budou nav\u017edy zaps\u00e1ny v historii VK Slavia t\u00edm nejz\u00e1\u0159iv\u011bj\u0161\u00edm p\u00edsmem. V t\u011bchto letech Mirka Knapkov\u00e1 z\u00edsk\u00e1v\u00e1 titul mistryn\u011b sv\u011bta z Bledu 2011 a hned v dal\u0161\u00edm roce zlatou medaili za olympijsk\u00e9 v\u00edt\u011bzstv\u00ed na OH v Lond\u00fdn\u011b. Mirka se nav\u00edc v letech 2008, 2011, 2013 a 2014 stala mistryn\u00ed Evropy ve skifu.<\/strong><\/p><p>V\u00fdborn\u00fdch v\u00fdsledk\u016f dosahovaly na dvojskifu sestry Jitka a Lenka Anto\u0161ovy a kvalifikovaly se i na OH v Lond\u00fdn\u011b, kde obsadily v\u00fdborn\u00e9 7. m\u00edsto.<\/p><p>\u0158adu vynikaj\u00edc\u00edch v\u00fdsledk\u016f na dom\u00e1c\u00edm i mezin\u00e1rodn\u00edm poli z\u00edskali v posledn\u00edch dvou desetilet\u00edch i sl\u00e1visti\u010dt\u00ed mu\u017ei, mnoz\u00ed z nich \u010dlenov\u00e9 kombinovan\u00fdch reprezenta\u010dn\u00edch pos\u00e1dek. Fin\u00e1le Prim\u00e1torek se obejde bez z\u00e1stupc\u016f ze Sl\u00e1vie jen ojedin\u011ble a b\u00fdv\u00e1 dosa\u017eeno i um\u00edst\u011bn\u00ed na druh\u00e9m \u010di t\u0159et\u00edm m\u00edst\u011b. Par\u00e1dn\u00ed disciplinou na Prim\u00e1tork\u00e1ch jsou osmy \u017een, kter\u00e9 sl\u00e1vistky vyhr\u00e1vaj\u00ed, v\u011bt\u0161inou i s Mirkou Knapkovou, ji\u017e \u0159adu let prakticky ka\u017edoro\u010dn\u011b.<\/p><p>Tradi\u010dn\u011b vynikaj\u00edc\u00edch v\u00fdsledk\u016f dosahuj\u00ed sl\u00e1visti\u010dt\u00ed veter\u00e1ni (masters), a to v \u017eensk\u00fdch i mu\u017esk\u00fdch kategori\u00edch, a to jak doma (Prim\u00e1torky, mistrovstv\u00ed \u010cR), tak v zahrani\u010d\u00ed p\u0159i v\u011btov\u00fdch mistrovstv\u00edch t\u011bchto v\u011bkov\u00fdch kategori\u00ed.<\/p><p>VK Slavia nejsou jen kategorie dosp\u011bl\u00fdch. Vynikaj\u00edc\u00edch \u00fasp\u011bch\u016f dociluj\u00ed jak ve sl\u00e1vistick\u00fdch pos\u00e1dk\u00e1ch na mistrovstv\u00ed \u010cR i \u017e\u00e1ci (dlouh\u00e1 l\u00e9ta veden\u00ed Ivanou Varhul\u00edkovou a pozd\u011bji Hanou a Milanem Vajnerov\u00fdmi), dorostenci i junio\u0159i. Skv\u011bl\u00fdch v\u00fdsledk\u016f dosahuj\u00ed sl\u00e1visti\u010dt\u00ed akademici pod veden\u00edm Josefa Luk\u0161e, kter\u00fd zastupuje akademiky v \u010cVS, \u010dasto um\u00edst\u011bn\u00ed mezi nejlep\u0161\u00edmi na sv\u011bt\u011b (hlavn\u00ed \u00fasp\u011bchy akademik\u016f jsou zm\u00edn\u011bny na jin\u00e9m m\u00edst\u011b).<\/p><p>V\u00fdborn\u00e9 renom\u00e9 m\u00e1 klub i na poli sportovn\u00ed diplomacie. J. Kejval byl v roce 2012 po 16 letech v \u010dele \u010cesk\u00e9ho vesla\u0159sk\u00e9ho svazu a n\u011bkolikalet\u00e9m p\u016fsoben\u00ed v \u010cOV jednozna\u010dn\u011b zvolen p\u0159edsedou \u010cesk\u00e9ho olympijsk\u00e9ho v\u00fdboru (tuto pozici na dal\u0161\u00ed 4 roky v \u0159\u00edjnu 2016 suver\u00e9nn\u011b obh\u00e1jil). A\u017e do roku 2014, kdy Jirku Kejvala vyst\u0159\u00eddal D. Mach\u00e1\u010dek, byl je\u0161t\u011b soub\u011b\u017en\u011b i p\u0159edsedou \u010cVS.<\/p><p>V roce 2013 op\u011bt pozlobila povode\u0148, sice znateln\u011b men\u0161\u00ed ne\u017e v roce 2002, ale voda op\u011bt pronikla do klubov\u00fdch prostor a zp\u016fsobila zna\u010dn\u00e9 \u0161kody na klubov\u00e9m majetku.<\/p><p>Od roku 2010, kdy VK Slavia poprv\u00e9 od roku 2001 op\u011bt zv\u00edt\u011bzila, obsadila v \u010cesk\u00e9m poh\u00e1ru v letech 2011 &#8211; 2014 v\u017edy 2. m\u00edsto za VK Sm\u00edchov. Mirka Knapkov\u00e1 se v letech 2011 a 2012 (p\u0159edt\u00edm ji\u017e v letech 2005 a 2006) stala &#8222;Vesla\u0159em roku&#8220; a obsadila skv\u011bl\u00e9 t\u0159et\u00ed m\u00edsto v presti\u017en\u00ed anket\u011b &#8222;Sportovec \u010cR roku 2012&#8220; za dal\u0161\u00edmi olympijsk\u00fdmi v\u00edt\u011bzi.<\/p><p>V roce 2014 se sice Mirce v neregul\u00e9rn\u00edm prost\u0159ed\u00ed nepoda\u0159ilo na MS v Amsterdamu postoupit po mnoha letech do fin\u00e1le, ale hned v roce 2015 na MS ve francouzsk\u00e9m Aiguebellette dala cel\u00e9mu sv\u011btu st\u0159\u00edbrnou medail\u00ed po skv\u011bl\u00e9m v\u00fdkonu jasn\u011b najevo, \u017ee zdaleka nepat\u0159\u00ed do star\u00e9ho \u017eeleza. Svou pozici potvrdila i p\u00e1t\u00fdm titulem mistryn\u011b Evropy v Poznani v kv\u011btnu 2015.<\/p><p>V roce 2015 prob\u00edhala kvalifikace na OH 2016 v Riu de Janeiro. D\u00edky posledn\u00edm v\u00fdsledk\u016fm na MS se Mirka Knapkov\u00e1, po s\u0148atku na podzim 2015 Topinkov\u00e1, kvalifikovala p\u0159\u00edmo. P\u0159i dodate\u010dn\u00e9 kvalifikaci v Luzernu 2016 na OH 2016 postoupila i Lenka Anto\u0161ov\u00e1 s boh\u00e9ma\u010dkou Krist\u00fdnou Fleissnerovou s tren\u00e9rem Pepou Luk\u0161em ve dvojskifu. Na samotn\u00fdch OH obsadila Mirka 4. m\u00edsto v n\u00e1ro\u010dn\u00e9 semifin\u00e1lov\u00e9 j\u00edzd\u011b a n\u00e1sledn\u011b vyhr\u00e1la mal\u00e9 fin\u00e1le. Dvojskif rovn\u011b\u017e v\u00fdrazn\u011bj\u0161\u00edho \u00fasp\u011bchu na OH nedos\u00e1hl. \u00dasp\u011bchem je pro mlad\u00e1 d\u011bv\u010data nesporn\u011b ji\u017e samotn\u00e1 \u00fa\u010dast na OH.<\/p><p>V srpnu 2016 zem\u0159el po dlouh\u00e9 t\u011b\u017ek\u00e9 nemoci Franti\u0161ek Cvr\u010dek, jedna z nejv\u00fdrazn\u011bj\u0161\u00edch osobnost\u00ed posledn\u00edho v\u00edce ne\u017e p\u016fl stolet\u00ed klubu. Tato \u017eiv\u00e1 historie bude klubu velmi chyb\u011bt. V letech 2015 a 2016 skon\u010dil VK Slavia v \u010cesk\u00e9m poh\u00e1ru na 3. m\u00edst\u011b, ale v kategorii \u017een v posledn\u00edch letech ji\u017e pon\u011bkolik\u00e1t\u00e9 za sebou n\u00e1\u0161 klub zv\u00edt\u011bzil.<\/p>\t\t\t\t\t\t\t\t<\/div>\n\t\t\t\t\t<\/div>\n\t\t\t\t<\/div>\n\t\t\t\t<\/div>\n\t\t","protected":false},"excerpt":{"rendered":"<p>Historie VK Slavia Praha Dne 17. \u0159\u00edjna roku 1885 se se\u0161li ve vin\u00e1rn\u011b U Brej\u0161k\u016f ve Sp\u00e1len\u00e9 ulici z\u00e1stupci \u010cesk\u00e9ho [&hellip;]<\/p>\n","protected":false},"author":2,"featured_media":0,"parent":0,"menu_order":0,"comment_status":"closed","ping_status":"closed","template":"","meta":{"site-sidebar-layout":"no-sidebar","site-content-layout":"","ast-site-content-layout":"full-width-container","site-content-style":"default","site-sidebar-style":"default","ast-global-header-display":"","ast-banner-title-visibility":"","ast-main-header-display":"","ast-hfb-above-header-display":"","ast-hfb-below-header-display":"","ast-hfb-mobile-header-display":"","site-post-title":"disabled","ast-breadcrumbs-content":"","ast-featured-img":"disabled","footer-sml-layout":"","theme-transparent-header-meta":"","adv-header-id-meta":"","stick-header-meta":"","header-above-stick-meta":"","header-main-stick-meta":"","header-below-stick-meta":"","astra-migrate-meta-layouts":"default","ast-page-background-enabled":"default","ast-page-background-meta":{"desktop":{"background-color":"var(--ast-global-color-5)","background-image":"","background-repeat":"repeat","background-position":"center center","background-size":"auto","background-attachment":"scroll","background-type":"","background-media":"","overlay-type":"","overlay-color":"","overlay-opacity":"","overlay-gradient":""},"tablet":{"background-color":"","background-image":"","background-repeat":"repeat","background-position":"center center","background-size":"auto","background-attachment":"scroll","background-type":"","background-media":"","overlay-type":"","overlay-color":"","overlay-opacity":"","overlay-gradient":""},"mobile":{"background-color":"","background-image":"","background-repeat":"repeat","background-position":"center center","background-size":"auto","background-attachment":"scroll","background-type":"","background-media":"","overlay-type":"","overlay-color":"","overlay-opacity":"","overlay-gradient":""}},"ast-content-background-meta":{"desktop":{"background-color":"var(--ast-global-color-4)","background-image":"","background-repeat":"repeat","background-position":"center center","background-size":"auto","background-attachment":"scroll","background-type":"","background-media":"","overlay-type":"","overlay-color":"","overlay-opacity":"","overlay-gradient":""},"tablet":{"background-color":"var(--ast-global-color-4)","background-image":"","background-repeat":"repeat","background-position":"center center","background-size":"auto","background-attachment":"scroll","background-type":"","background-media":"","overlay-type":"","overlay-color":"","overlay-opacity":"","overlay-gradient":""},"mobile":{"background-color":"var(--ast-global-color-4)","background-image":"","background-repeat":"repeat","background-position":"center center","background-size":"auto","background-attachment":"scroll","background-type":"","background-media":"","overlay-type":"","overlay-color":"","overlay-opacity":"","overlay-gradient":""}},"footnotes":""},"class_list":["post-82","page","type-page","status-publish","hentry"],"_links":{"self":[{"href":"https:\/\/vkslavia.cz\/index.php?rest_route=\/wp\/v2\/pages\/82","targetHints":{"allow":["GET"]}}],"collection":[{"href":"https:\/\/vkslavia.cz\/index.php?rest_route=\/wp\/v2\/pages"}],"about":[{"href":"https:\/\/vkslavia.cz\/index.php?rest_route=\/wp\/v2\/types\/page"}],"author":[{"embeddable":true,"href":"https:\/\/vkslavia.cz\/index.php?rest_route=\/wp\/v2\/users\/2"}],"replies":[{"embeddable":true,"href":"https:\/\/vkslavia.cz\/index.php?rest_route=%2Fwp%2Fv2%2Fcomments&post=82"}],"version-history":[{"count":22,"href":"https:\/\/vkslavia.cz\/index.php?rest_route=\/wp\/v2\/pages\/82\/revisions"}],"predecessor-version":[{"id":1344,"href":"https:\/\/vkslavia.cz\/index.php?rest_route=\/wp\/v2\/pages\/82\/revisions\/1344"}],"wp:attachment":[{"href":"https:\/\/vkslavia.cz\/index.php?rest_route=%2Fwp%2Fv2%2Fmedia&parent=82"}],"curies":[{"name":"wp","href":"https:\/\/api.w.org\/{rel}","templated":true}]}}