{"id":80,"date":"2025-11-03T21:31:49","date_gmt":"2025-11-03T21:31:49","guid":{"rendered":"https:\/\/vkslavia.oone.dev\/?page_id=80"},"modified":"2025-11-09T11:25:21","modified_gmt":"2025-11-09T11:25:21","slug":"o-nas","status":"publish","type":"page","link":"https:\/\/vkslavia.cz\/?page_id=80","title":{"rendered":"O n\u00e1s"},"content":{"rendered":"\t\t<div data-elementor-type=\"wp-page\" data-elementor-id=\"80\" class=\"elementor elementor-80\">\n\t\t\t\t<div class=\"elementor-element elementor-element-baae905 e-flex e-con-boxed e-con e-parent\" data-id=\"baae905\" data-element_type=\"container\">\n\t\t\t\t\t<div class=\"e-con-inner\">\n\t\t\t\t<div class=\"elementor-element elementor-element-f3b4e10 elementor-widget elementor-widget-heading\" data-id=\"f3b4e10\" data-element_type=\"widget\" data-widget_type=\"heading.default\">\n\t\t\t\t\t<h1 class=\"elementor-heading-title elementor-size-default\">O n\u00e1s<\/h1>\t\t\t\t<\/div>\n\t\t\t\t<div class=\"elementor-element elementor-element-ff0d6ca elementor-widget-divider--view-line elementor-widget elementor-widget-divider\" data-id=\"ff0d6ca\" data-element_type=\"widget\" data-widget_type=\"divider.default\">\n\t\t\t\t\t\t\t<div class=\"elementor-divider\">\n\t\t\t<span class=\"elementor-divider-separator\">\n\t\t\t\t\t\t<\/span>\n\t\t<\/div>\n\t\t\t\t\t\t<\/div>\n\t\t\t\t\t<\/div>\n\t\t\t\t<\/div>\n\t\t<div class=\"elementor-element elementor-element-36b8202 elementor-hidden-mobile e-flex e-con-boxed e-con e-parent\" data-id=\"36b8202\" data-element_type=\"container\">\n\t\t\t\t\t<div class=\"e-con-inner\">\n\t\t<div class=\"elementor-element elementor-element-30eedff e-con-full e-flex e-con e-child\" data-id=\"30eedff\" data-element_type=\"container\">\n\t\t\t\t<div class=\"elementor-element elementor-element-323df4e elementor-widget elementor-widget-image\" data-id=\"323df4e\" data-element_type=\"widget\" data-widget_type=\"image.default\">\n\t\t\t\t\t\t\t\t\t\t\t\t\t\t\t\t<a href=\"https:\/\/vkslavia.cz\/?page_id=82\">\n\t\t\t\t\t\t\t<img fetchpriority=\"high\" decoding=\"async\" width=\"1024\" height=\"768\" src=\"https:\/\/vkslavia.cz\/wp-content\/uploads\/2025\/11\/IMG_20190412_102834-1024x768.jpg\" class=\"attachment-large size-large wp-image-1030\" alt=\"\" srcset=\"https:\/\/vkslavia.cz\/wp-content\/uploads\/2025\/11\/IMG_20190412_102834-1024x768.jpg 1024w, https:\/\/vkslavia.cz\/wp-content\/uploads\/2025\/11\/IMG_20190412_102834-300x225.jpg 300w, https:\/\/vkslavia.cz\/wp-content\/uploads\/2025\/11\/IMG_20190412_102834-768x576.jpg 768w, https:\/\/vkslavia.cz\/wp-content\/uploads\/2025\/11\/IMG_20190412_102834.jpg 1184w\" sizes=\"(max-width: 1024px) 100vw, 1024px\" \/>\t\t\t\t\t\t\t\t<\/a>\n\t\t\t\t\t\t\t\t\t\t\t\t\t\t\t<\/div>\n\t\t\t\t<\/div>\n\t\t<div class=\"elementor-element elementor-element-464e3e8 e-con-full e-flex e-con e-child\" data-id=\"464e3e8\" data-element_type=\"container\">\n\t\t\t\t<div class=\"elementor-element elementor-element-d47b1f5 elementor-widget elementor-widget-heading\" data-id=\"d47b1f5\" data-element_type=\"widget\" data-widget_type=\"heading.default\">\n\t\t\t\t\t<h2 class=\"elementor-heading-title elementor-size-default\"><a href=\"https:\/\/vkslavia.cz\/?page_id=82\">Historie<\/a><\/h2>\t\t\t\t<\/div>\n\t\t\t\t<div class=\"elementor-element elementor-element-69054e5 elementor-widget-divider--view-line elementor-widget elementor-widget-divider\" data-id=\"69054e5\" data-element_type=\"widget\" data-widget_type=\"divider.default\">\n\t\t\t\t\t\t\t<div class=\"elementor-divider\">\n\t\t\t<span class=\"elementor-divider-separator\">\n\t\t\t\t\t\t<\/span>\n\t\t<\/div>\n\t\t\t\t\t\t<\/div>\n\t\t\t\t<\/div>\n\t\t\t\t\t<\/div>\n\t\t\t\t<\/div>\n\t\t<div class=\"elementor-element elementor-element-e082129 elementor-hidden-mobile e-flex e-con-boxed e-con e-parent\" data-id=\"e082129\" data-element_type=\"container\">\n\t\t\t\t\t<div class=\"e-con-inner\">\n\t\t<div class=\"elementor-element elementor-element-0cefe74 e-con-full e-flex e-con e-child\" data-id=\"0cefe74\" data-element_type=\"container\">\n\t\t\t\t<div class=\"elementor-element elementor-element-7316a56 elementor-widget elementor-widget-heading\" data-id=\"7316a56\" data-element_type=\"widget\" data-widget_type=\"heading.default\">\n\t\t\t\t\t<h2 class=\"elementor-heading-title elementor-size-default\"><a href=\"https:\/\/vkslavia.cz\/?page_id=84\">Tren\u00e9\u0159i<\/a><\/h2>\t\t\t\t<\/div>\n\t\t\t\t<div class=\"elementor-element elementor-element-1b1566c elementor-widget-divider--view-line elementor-widget elementor-widget-divider\" data-id=\"1b1566c\" data-element_type=\"widget\" data-widget_type=\"divider.default\">\n\t\t\t\t\t\t\t<div class=\"elementor-divider\">\n\t\t\t<span class=\"elementor-divider-separator\">\n\t\t\t\t\t\t<\/span>\n\t\t<\/div>\n\t\t\t\t\t\t<\/div>\n\t\t\t\t<\/div>\n\t\t<div class=\"elementor-element elementor-element-656bed1 e-con-full e-flex e-con e-child\" data-id=\"656bed1\" data-element_type=\"container\">\n\t\t\t\t<div class=\"elementor-element elementor-element-b6cac2a elementor-widget elementor-widget-image\" data-id=\"b6cac2a\" data-element_type=\"widget\" data-widget_type=\"image.default\">\n\t\t\t\t\t\t\t\t\t\t\t\t\t\t\t\t<a href=\"https:\/\/vkslavia.cz\/?page_id=84\">\n\t\t\t\t\t\t\t<img decoding=\"async\" width=\"1024\" height=\"683\" src=\"https:\/\/vkslavia.cz\/wp-content\/uploads\/2025\/11\/slaviafoceni-21_optimized-1024x683.jpg\" class=\"attachment-large size-large wp-image-235\" alt=\"\" srcset=\"https:\/\/vkslavia.cz\/wp-content\/uploads\/2025\/11\/slaviafoceni-21_optimized-1024x683.jpg 1024w, https:\/\/vkslavia.cz\/wp-content\/uploads\/2025\/11\/slaviafoceni-21_optimized-300x200.jpg 300w, https:\/\/vkslavia.cz\/wp-content\/uploads\/2025\/11\/slaviafoceni-21_optimized-768x512.jpg 768w, https:\/\/vkslavia.cz\/wp-content\/uploads\/2025\/11\/slaviafoceni-21_optimized-1536x1024.jpg 1536w, https:\/\/vkslavia.cz\/wp-content\/uploads\/2025\/11\/slaviafoceni-21_optimized-2048x1365.jpg 2048w\" sizes=\"(max-width: 1024px) 100vw, 1024px\" \/>\t\t\t\t\t\t\t\t<\/a>\n\t\t\t\t\t\t\t\t\t\t\t\t\t\t\t<\/div>\n\t\t\t\t<\/div>\n\t\t\t\t\t<\/div>\n\t\t\t\t<\/div>\n\t\t<div class=\"elementor-element elementor-element-0f0e3fa elementor-hidden-mobile e-flex e-con-boxed e-con e-parent\" data-id=\"0f0e3fa\" data-element_type=\"container\">\n\t\t\t\t\t<div class=\"e-con-inner\">\n\t\t<div class=\"elementor-element elementor-element-795452a e-con-full e-flex e-con e-child\" data-id=\"795452a\" data-element_type=\"container\">\n\t\t\t\t<div class=\"elementor-element elementor-element-6b65fa3 elementor-widget elementor-widget-image\" data-id=\"6b65fa3\" data-element_type=\"widget\" data-widget_type=\"image.default\">\n\t\t\t\t\t\t\t\t\t\t\t\t\t\t\t\t<a href=\"https:\/\/vkslavia.cz\/?page_id=86\">\n\t\t\t\t\t\t\t<img decoding=\"async\" width=\"1024\" height=\"595\" src=\"https:\/\/vkslavia.cz\/wp-content\/uploads\/2025\/11\/DSC_2316-1024x595.jpg\" class=\"attachment-large size-large wp-image-316\" alt=\"\" srcset=\"https:\/\/vkslavia.cz\/wp-content\/uploads\/2025\/11\/DSC_2316-1024x595.jpg 1024w, https:\/\/vkslavia.cz\/wp-content\/uploads\/2025\/11\/DSC_2316-300x174.jpg 300w, https:\/\/vkslavia.cz\/wp-content\/uploads\/2025\/11\/DSC_2316-768x446.jpg 768w, https:\/\/vkslavia.cz\/wp-content\/uploads\/2025\/11\/DSC_2316.jpg 1528w\" sizes=\"(max-width: 1024px) 100vw, 1024px\" \/>\t\t\t\t\t\t\t\t<\/a>\n\t\t\t\t\t\t\t\t\t\t\t\t\t\t\t<\/div>\n\t\t\t\t<\/div>\n\t\t<div class=\"elementor-element elementor-element-5d6d4e9 e-con-full e-flex e-con e-child\" data-id=\"5d6d4e9\" data-element_type=\"container\">\n\t\t\t\t<div class=\"elementor-element elementor-element-7cd3689 elementor-widget elementor-widget-heading\" data-id=\"7cd3689\" data-element_type=\"widget\" data-widget_type=\"heading.default\">\n\t\t\t\t\t<h2 class=\"elementor-heading-title elementor-size-default\"><a href=\"https:\/\/vkslavia.cz\/?page_id=86\">V\u00fdbor<\/a><\/h2>\t\t\t\t<\/div>\n\t\t\t\t<div class=\"elementor-element elementor-element-bc48013 elementor-widget-divider--view-line elementor-widget elementor-widget-divider\" data-id=\"bc48013\" data-element_type=\"widget\" data-widget_type=\"divider.default\">\n\t\t\t\t\t\t\t<div class=\"elementor-divider\">\n\t\t\t<span class=\"elementor-divider-separator\">\n\t\t\t\t\t\t<\/span>\n\t\t<\/div>\n\t\t\t\t\t\t<\/div>\n\t\t\t\t<\/div>\n\t\t\t\t\t<\/div>\n\t\t\t\t<\/div>\n\t\t<div class=\"elementor-element elementor-element-ee7b1be elementor-hidden-mobile e-flex e-con-boxed e-con e-parent\" data-id=\"ee7b1be\" data-element_type=\"container\">\n\t\t\t\t\t<div class=\"e-con-inner\">\n\t\t<div class=\"elementor-element elementor-element-7137c68 e-con-full e-flex e-con e-child\" data-id=\"7137c68\" data-element_type=\"container\">\n\t\t\t\t<div class=\"elementor-element elementor-element-e23e84f elementor-widget elementor-widget-heading\" data-id=\"e23e84f\" data-element_type=\"widget\" data-widget_type=\"heading.default\">\n\t\t\t\t\t<h2 class=\"elementor-heading-title elementor-size-default\"><a href=\"https:\/\/vkslavia.cz\/?page_id=813\">Klubov\u00e9 oble\u010den\u00ed<\/a><\/h2>\t\t\t\t<\/div>\n\t\t\t\t<div class=\"elementor-element elementor-element-ce2c22b elementor-widget-divider--view-line elementor-widget elementor-widget-divider\" data-id=\"ce2c22b\" data-element_type=\"widget\" data-widget_type=\"divider.default\">\n\t\t\t\t\t\t\t<div class=\"elementor-divider\">\n\t\t\t<span class=\"elementor-divider-separator\">\n\t\t\t\t\t\t<\/span>\n\t\t<\/div>\n\t\t\t\t\t\t<\/div>\n\t\t\t\t<\/div>\n\t\t<div class=\"elementor-element elementor-element-dda9d5e e-con-full e-flex e-con e-child\" data-id=\"dda9d5e\" data-element_type=\"container\">\n\t\t\t\t<div class=\"elementor-element elementor-element-fb2fe3d elementor-widget elementor-widget-image\" data-id=\"fb2fe3d\" data-element_type=\"widget\" data-widget_type=\"image.default\">\n\t\t\t\t\t\t\t\t\t\t\t\t\t\t\t\t<a href=\"https:\/\/vkslavia.cz\/?page_id=813\">\n\t\t\t\t\t\t\t<img loading=\"lazy\" decoding=\"async\" width=\"1024\" height=\"577\" src=\"https:\/\/vkslavia.cz\/wp-content\/uploads\/2025\/11\/WhatsApp-Image-2025-10-20-at-14.50.44-1024x577.jpeg\" class=\"attachment-large size-large wp-image-876\" alt=\"\" srcset=\"https:\/\/vkslavia.cz\/wp-content\/uploads\/2025\/11\/WhatsApp-Image-2025-10-20-at-14.50.44-1024x577.jpeg 1024w, https:\/\/vkslavia.cz\/wp-content\/uploads\/2025\/11\/WhatsApp-Image-2025-10-20-at-14.50.44-300x169.jpeg 300w, https:\/\/vkslavia.cz\/wp-content\/uploads\/2025\/11\/WhatsApp-Image-2025-10-20-at-14.50.44-768x433.jpeg 768w, https:\/\/vkslavia.cz\/wp-content\/uploads\/2025\/11\/WhatsApp-Image-2025-10-20-at-14.50.44-1536x866.jpeg 1536w, https:\/\/vkslavia.cz\/wp-content\/uploads\/2025\/11\/WhatsApp-Image-2025-10-20-at-14.50.44.jpeg 2048w\" sizes=\"(max-width: 1024px) 100vw, 1024px\" \/>\t\t\t\t\t\t\t\t<\/a>\n\t\t\t\t\t\t\t\t\t\t\t\t\t\t\t<\/div>\n\t\t\t\t<\/div>\n\t\t\t\t\t<\/div>\n\t\t\t\t<\/div>\n\t\t<div class=\"elementor-element elementor-element-68a65cd e-grid elementor-hidden-desktop elementor-hidden-tablet e-con-boxed e-con e-parent\" data-id=\"68a65cd\" data-element_type=\"container\">\n\t\t\t\t\t<div class=\"e-con-inner\">\n\t\t\t\t<div class=\"elementor-element elementor-element-4ec75e0 elementor-widget elementor-widget-image\" data-id=\"4ec75e0\" data-element_type=\"widget\" data-widget_type=\"image.default\">\n\t\t\t\t\t\t\t\t\t\t\t\t\t\t\t\t<a href=\"https:\/\/vkslavia.cz\/?page_id=82\">\n\t\t\t\t\t\t\t<img fetchpriority=\"high\" decoding=\"async\" width=\"1024\" height=\"768\" src=\"https:\/\/vkslavia.cz\/wp-content\/uploads\/2025\/11\/IMG_20190412_102834-1024x768.jpg\" class=\"attachment-large size-large wp-image-1030\" alt=\"\" srcset=\"https:\/\/vkslavia.cz\/wp-content\/uploads\/2025\/11\/IMG_20190412_102834-1024x768.jpg 1024w, https:\/\/vkslavia.cz\/wp-content\/uploads\/2025\/11\/IMG_20190412_102834-300x225.jpg 300w, https:\/\/vkslavia.cz\/wp-content\/uploads\/2025\/11\/IMG_20190412_102834-768x576.jpg 768w, https:\/\/vkslavia.cz\/wp-content\/uploads\/2025\/11\/IMG_20190412_102834.jpg 1184w\" sizes=\"(max-width: 1024px) 100vw, 1024px\" \/>\t\t\t\t\t\t\t\t<\/a>\n\t\t\t\t\t\t\t\t\t\t\t\t\t\t\t<\/div>\n\t\t<div class=\"elementor-element elementor-element-3856b3b e-con-full e-flex e-con e-child\" data-id=\"3856b3b\" data-element_type=\"container\">\n\t\t\t\t<div class=\"elementor-element elementor-element-2f08ac7 elementor-widget elementor-widget-heading\" data-id=\"2f08ac7\" data-element_type=\"widget\" data-widget_type=\"heading.default\">\n\t\t\t\t\t<h2 class=\"elementor-heading-title elementor-size-default\"><a href=\"https:\/\/vkslavia.cz\/?page_id=82\">Historie<\/a><\/h2>\t\t\t\t<\/div>\n\t\t\t\t<div class=\"elementor-element elementor-element-c44c59f elementor-widget-divider--view-line elementor-widget elementor-widget-divider\" data-id=\"c44c59f\" data-element_type=\"widget\" data-widget_type=\"divider.default\">\n\t\t\t\t\t\t\t<div class=\"elementor-divider\">\n\t\t\t<span class=\"elementor-divider-separator\">\n\t\t\t\t\t\t<\/span>\n\t\t<\/div>\n\t\t\t\t\t\t<\/div>\n\t\t\t\t<\/div>\n\t\t<div class=\"elementor-element elementor-element-e47bc5d e-con-full e-flex e-con e-child\" data-id=\"e47bc5d\" data-element_type=\"container\">\n\t\t\t\t<div class=\"elementor-element elementor-element-cae89e8 elementor-widget elementor-widget-heading\" data-id=\"cae89e8\" data-element_type=\"widget\" data-widget_type=\"heading.default\">\n\t\t\t\t\t<h2 class=\"elementor-heading-title elementor-size-default\"><a href=\"https:\/\/vkslavia.cz\/?page_id=84\">Tren\u00e9\u0159i<\/a><\/h2>\t\t\t\t<\/div>\n\t\t\t\t<div class=\"elementor-element elementor-element-0af4126 elementor-widget-divider--view-line elementor-widget elementor-widget-divider\" data-id=\"0af4126\" data-element_type=\"widget\" data-widget_type=\"divider.default\">\n\t\t\t\t\t\t\t<div class=\"elementor-divider\">\n\t\t\t<span class=\"elementor-divider-separator\">\n\t\t\t\t\t\t<\/span>\n\t\t<\/div>\n\t\t\t\t\t\t<\/div>\n\t\t\t\t<\/div>\n\t\t\t\t<div class=\"elementor-element elementor-element-4a8185a elementor-widget elementor-widget-image\" data-id=\"4a8185a\" data-element_type=\"widget\" data-widget_type=\"image.default\">\n\t\t\t\t\t\t\t\t\t\t\t\t\t\t\t\t<a href=\"https:\/\/vkslavia.cz\/?page_id=84\">\n\t\t\t\t\t\t\t<img decoding=\"async\" width=\"1024\" height=\"683\" src=\"https:\/\/vkslavia.cz\/wp-content\/uploads\/2025\/11\/slaviafoceni-21_optimized-1024x683.jpg\" class=\"attachment-large size-large wp-image-235\" alt=\"\" srcset=\"https:\/\/vkslavia.cz\/wp-content\/uploads\/2025\/11\/slaviafoceni-21_optimized-1024x683.jpg 1024w, https:\/\/vkslavia.cz\/wp-content\/uploads\/2025\/11\/slaviafoceni-21_optimized-300x200.jpg 300w, https:\/\/vkslavia.cz\/wp-content\/uploads\/2025\/11\/slaviafoceni-21_optimized-768x512.jpg 768w, https:\/\/vkslavia.cz\/wp-content\/uploads\/2025\/11\/slaviafoceni-21_optimized-1536x1024.jpg 1536w, https:\/\/vkslavia.cz\/wp-content\/uploads\/2025\/11\/slaviafoceni-21_optimized-2048x1365.jpg 2048w\" sizes=\"(max-width: 1024px) 100vw, 1024px\" \/>\t\t\t\t\t\t\t\t<\/a>\n\t\t\t\t\t\t\t\t\t\t\t\t\t\t\t<\/div>\n\t\t\t\t<div class=\"elementor-element elementor-element-85e8088 elementor-widget elementor-widget-image\" data-id=\"85e8088\" data-element_type=\"widget\" data-widget_type=\"image.default\">\n\t\t\t\t\t\t\t\t\t\t\t\t\t\t\t\t<a href=\"https:\/\/vkslavia.cz\/?page_id=86\">\n\t\t\t\t\t\t\t<img decoding=\"async\" width=\"1024\" height=\"595\" src=\"https:\/\/vkslavia.cz\/wp-content\/uploads\/2025\/11\/DSC_2316-1024x595.jpg\" class=\"attachment-large size-large wp-image-316\" alt=\"\" srcset=\"https:\/\/vkslavia.cz\/wp-content\/uploads\/2025\/11\/DSC_2316-1024x595.jpg 1024w, https:\/\/vkslavia.cz\/wp-content\/uploads\/2025\/11\/DSC_2316-300x174.jpg 300w, https:\/\/vkslavia.cz\/wp-content\/uploads\/2025\/11\/DSC_2316-768x446.jpg 768w, https:\/\/vkslavia.cz\/wp-content\/uploads\/2025\/11\/DSC_2316.jpg 1528w\" sizes=\"(max-width: 1024px) 100vw, 1024px\" \/>\t\t\t\t\t\t\t\t<\/a>\n\t\t\t\t\t\t\t\t\t\t\t\t\t\t\t<\/div>\n\t\t<div class=\"elementor-element elementor-element-035bd42 e-con-full e-flex e-con e-child\" data-id=\"035bd42\" data-element_type=\"container\">\n\t\t\t\t<div class=\"elementor-element elementor-element-6a76e06 elementor-widget elementor-widget-heading\" data-id=\"6a76e06\" data-element_type=\"widget\" data-widget_type=\"heading.default\">\n\t\t\t\t\t<h2 class=\"elementor-heading-title elementor-size-default\"><a href=\"https:\/\/vkslavia.cz\/?page_id=86\">V\u00fdbor<\/a><\/h2>\t\t\t\t<\/div>\n\t\t\t\t<div class=\"elementor-element elementor-element-ac3b1d8 elementor-widget-divider--view-line elementor-widget elementor-widget-divider\" data-id=\"ac3b1d8\" data-element_type=\"widget\" data-widget_type=\"divider.default\">\n\t\t\t\t\t\t\t<div class=\"elementor-divider\">\n\t\t\t<span class=\"elementor-divider-separator\">\n\t\t\t\t\t\t<\/span>\n\t\t<\/div>\n\t\t\t\t\t\t<\/div>\n\t\t\t\t<\/div>\n\t\t<div class=\"elementor-element elementor-element-e67291f e-con-full e-flex e-con e-child\" data-id=\"e67291f\" data-element_type=\"container\">\n\t\t\t\t<div class=\"elementor-element elementor-element-d3ca7f5 elementor-widget elementor-widget-heading\" data-id=\"d3ca7f5\" data-element_type=\"widget\" data-widget_type=\"heading.default\">\n\t\t\t\t\t<h2 class=\"elementor-heading-title elementor-size-default\"><a href=\"https:\/\/vkslavia.cz\/?page_id=813\">Klubov\u00e9 oble\u010den\u00ed<\/a><\/h2>\t\t\t\t<\/div>\n\t\t\t\t<div class=\"elementor-element elementor-element-7ea0ac9 elementor-widget-divider--view-line elementor-widget elementor-widget-divider\" data-id=\"7ea0ac9\" data-element_type=\"widget\" data-widget_type=\"divider.default\">\n\t\t\t\t\t\t\t<div class=\"elementor-divider\">\n\t\t\t<span class=\"elementor-divider-separator\">\n\t\t\t\t\t\t<\/span>\n\t\t<\/div>\n\t\t\t\t\t\t<\/div>\n\t\t\t\t<\/div>\n\t\t\t\t<div class=\"elementor-element elementor-element-de5eafc elementor-widget elementor-widget-image\" data-id=\"de5eafc\" data-element_type=\"widget\" data-widget_type=\"image.default\">\n\t\t\t\t\t\t\t\t\t\t\t\t\t\t\t\t<a href=\"https:\/\/vkslavia.cz\/?page_id=813\">\n\t\t\t\t\t\t\t<img loading=\"lazy\" decoding=\"async\" width=\"1024\" height=\"577\" src=\"https:\/\/vkslavia.cz\/wp-content\/uploads\/2025\/11\/WhatsApp-Image-2025-10-20-at-14.50.44-1024x577.jpeg\" class=\"attachment-large size-large wp-image-876\" alt=\"\" srcset=\"https:\/\/vkslavia.cz\/wp-content\/uploads\/2025\/11\/WhatsApp-Image-2025-10-20-at-14.50.44-1024x577.jpeg 1024w, https:\/\/vkslavia.cz\/wp-content\/uploads\/2025\/11\/WhatsApp-Image-2025-10-20-at-14.50.44-300x169.jpeg 300w, https:\/\/vkslavia.cz\/wp-content\/uploads\/2025\/11\/WhatsApp-Image-2025-10-20-at-14.50.44-768x433.jpeg 768w, https:\/\/vkslavia.cz\/wp-content\/uploads\/2025\/11\/WhatsApp-Image-2025-10-20-at-14.50.44-1536x866.jpeg 1536w, https:\/\/vkslavia.cz\/wp-content\/uploads\/2025\/11\/WhatsApp-Image-2025-10-20-at-14.50.44.jpeg 2048w\" sizes=\"(max-width: 1024px) 100vw, 1024px\" \/>\t\t\t\t\t\t\t\t<\/a>\n\t\t\t\t\t\t\t\t\t\t\t\t\t\t\t<\/div>\n\t\t\t\t\t<\/div>\n\t\t\t\t<\/div>\n\t\t\t\t<\/div>\n\t\t","protected":false},"excerpt":{"rendered":"<p>O n\u00e1s Historie Tren\u00e9\u0159i V\u00fdbor Klubov\u00e9 oble\u010den\u00ed Historie Tren\u00e9\u0159i V\u00fdbor Klubov\u00e9 oble\u010den\u00ed<\/p>\n","protected":false},"author":2,"featured_media":0,"parent":0,"menu_order":0,"comment_status":"closed","ping_status":"closed","template":"","meta":{"site-sidebar-layout":"no-sidebar","site-content-layout":"","ast-site-content-layout":"full-width-container","site-content-style":"default","site-sidebar-style":"default","ast-global-header-display":"","ast-banner-title-visibility":"","ast-main-header-display":"","ast-hfb-above-header-display":"","ast-hfb-below-header-display":"","ast-hfb-mobile-header-display":"","site-post-title":"disabled","ast-breadcrumbs-content":"","ast-featured-img":"disabled","footer-sml-layout":"","theme-transparent-header-meta":"","adv-header-id-meta":"","stick-header-meta":"","header-above-stick-meta":"","header-main-stick-meta":"","header-below-stick-meta":"","astra-migrate-meta-layouts":"default","ast-page-background-enabled":"default","ast-page-background-meta":{"desktop":{"background-color":"var(--ast-global-color-5)","background-image":"","background-repeat":"repeat","background-position":"center center","background-size":"auto","background-attachment":"scroll","background-type":"","background-media":"","overlay-type":"","overlay-color":"","overlay-opacity":"","overlay-gradient":""},"tablet":{"background-color":"","background-image":"","background-repeat":"repeat","background-position":"center center","background-size":"auto","background-attachment":"scroll","background-type":"","background-media":"","overlay-type":"","overlay-color":"","overlay-opacity":"","overlay-gradient":""},"mobile":{"background-color":"","background-image":"","background-repeat":"repeat","background-position":"center center","background-size":"auto","background-attachment":"scroll","background-type":"","background-media":"","overlay-type":"","overlay-color":"","overlay-opacity":"","overlay-gradient":""}},"ast-content-background-meta":{"desktop":{"background-color":"var(--ast-global-color-4)","background-image":"","background-repeat":"repeat","background-position":"center center","background-size":"auto","background-attachment":"scroll","background-type":"","background-media":"","overlay-type":"","overlay-color":"","overlay-opacity":"","overlay-gradient":""},"tablet":{"background-color":"var(--ast-global-color-4)","background-image":"","background-repeat":"repeat","background-position":"center center","background-size":"auto","background-attachment":"scroll","background-type":"","background-media":"","overlay-type":"","overlay-color":"","overlay-opacity":"","overlay-gradient":""},"mobile":{"background-color":"var(--ast-global-color-4)","background-image":"","background-repeat":"repeat","background-position":"center center","background-size":"auto","background-attachment":"scroll","background-type":"","background-media":"","overlay-type":"","overlay-color":"","overlay-opacity":"","overlay-gradient":""}},"footnotes":""},"class_list":["post-80","page","type-page","status-publish","hentry"],"_links":{"self":[{"href":"https:\/\/vkslavia.cz\/index.php?rest_route=\/wp\/v2\/pages\/80","targetHints":{"allow":["GET"]}}],"collection":[{"href":"https:\/\/vkslavia.cz\/index.php?rest_route=\/wp\/v2\/pages"}],"about":[{"href":"https:\/\/vkslavia.cz\/index.php?rest_route=\/wp\/v2\/types\/page"}],"author":[{"embeddable":true,"href":"https:\/\/vkslavia.cz\/index.php?rest_route=\/wp\/v2\/users\/2"}],"replies":[{"embeddable":true,"href":"https:\/\/vkslavia.cz\/index.php?rest_route=%2Fwp%2Fv2%2Fcomments&post=80"}],"version-history":[{"count":79,"href":"https:\/\/vkslavia.cz\/index.php?rest_route=\/wp\/v2\/pages\/80\/revisions"}],"predecessor-version":[{"id":1036,"href":"https:\/\/vkslavia.cz\/index.php?rest_route=\/wp\/v2\/pages\/80\/revisions\/1036"}],"wp:attachment":[{"href":"https:\/\/vkslavia.cz\/index.php?rest_route=%2Fwp%2Fv2%2Fmedia&parent=80"}],"curies":[{"name":"wp","href":"https:\/\/api.w.org\/{rel}","templated":true}]}}