{"id":549,"date":"2025-11-06T10:06:24","date_gmt":"2025-11-06T10:06:24","guid":{"rendered":"https:\/\/vkslavia.oone.dev\/?page_id=549"},"modified":"2025-11-11T10:59:17","modified_gmt":"2025-11-11T10:59:17","slug":"hodiny-telocviku","status":"publish","type":"page","link":"https:\/\/vkslavia.cz\/?page_id=549","title":{"rendered":"Hodiny t\u011blocviku"},"content":{"rendered":"\t\t<div data-elementor-type=\"wp-page\" data-elementor-id=\"549\" class=\"elementor elementor-549\">\n\t\t\t\t<div class=\"elementor-element elementor-element-60bab21 elementor-hidden-mobile elementor-hidden-tablet e-flex e-con-boxed e-con e-parent\" data-id=\"60bab21\" data-element_type=\"container\" data-settings=\"{&quot;background_background&quot;:&quot;classic&quot;}\">\n\t\t\t\t\t<div class=\"e-con-inner\">\n\t\t\t\t\t<\/div>\n\t\t\t\t<\/div>\n\t\t<div class=\"elementor-element elementor-element-9aa7e41 e-flex e-con-boxed e-con e-parent\" data-id=\"9aa7e41\" data-element_type=\"container\">\n\t\t\t\t\t<div class=\"e-con-inner\">\n\t\t\t\t<div class=\"elementor-element elementor-element-025af51 elementor-widget elementor-widget-heading\" data-id=\"025af51\" data-element_type=\"widget\" data-widget_type=\"heading.default\">\n\t\t\t\t\t<h1 class=\"elementor-heading-title elementor-size-default\">Hodiny t\u011blocviku<\/h1>\t\t\t\t<\/div>\n\t\t\t\t<div class=\"elementor-element elementor-element-a22060f elementor-widget-divider--view-line elementor-widget elementor-widget-divider\" data-id=\"a22060f\" data-element_type=\"widget\" data-widget_type=\"divider.default\">\n\t\t\t\t\t\t\t<div class=\"elementor-divider\">\n\t\t\t<span class=\"elementor-divider-separator\">\n\t\t\t\t\t\t<\/span>\n\t\t<\/div>\n\t\t\t\t\t\t<\/div>\n\t\t\t\t<div class=\"elementor-element elementor-element-31d3812 elementor-widget__width-initial elementor-widget elementor-widget-text-editor\" data-id=\"31d3812\" data-element_type=\"widget\" data-widget_type=\"text-editor.default\">\n\t\t\t\t\t\t\t\t\t<p>V prostor\u00e1ch lod\u011bnice VK Slavia Praha prob\u00edhaj\u00ed v letn\u00edm i zimn\u00edm semestru hodiny t\u011blocviku pro \u010cVUT.<br \/>V\u00fduku za\u0161ti\u0165uje tren\u00e9r <strong>V\u00edt Sm\u00edtka<\/strong> s tren\u00e9rskou licenc\u00ed B.<\/p><p><strong>Kontakt<\/strong><br \/><em><strong>V\u00edt Sm\u00edtka<\/strong><\/em> <br \/>e-mail: vitek.smitka3@gmail.com<br \/>telefon: +420 775 634 405<\/p>\t\t\t\t\t\t\t\t<\/div>\n\t\t\t\t\t<\/div>\n\t\t\t\t<\/div>\n\t\t\t\t<\/div>\n\t\t","protected":false},"excerpt":{"rendered":"<p>Hodiny t\u011blocviku V prostor\u00e1ch lod\u011bnice VK Slavia Praha prob\u00edhaj\u00ed v letn\u00edm i zimn\u00edm semestru hodiny t\u011blocviku pro \u010cVUT.V\u00fduku za\u0161ti\u0165uje tren\u00e9r [&hellip;]<\/p>\n","protected":false},"author":2,"featured_media":0,"parent":0,"menu_order":0,"comment_status":"closed","ping_status":"closed","template":"","meta":{"site-sidebar-layout":"no-sidebar","site-content-layout":"","ast-site-content-layout":"full-width-container","site-content-style":"default","site-sidebar-style":"default","ast-global-header-display":"","ast-banner-title-visibility":"","ast-main-header-display":"","ast-hfb-above-header-display":"","ast-hfb-below-header-display":"","ast-hfb-mobile-header-display":"","site-post-title":"disabled","ast-breadcrumbs-content":"","ast-featured-img":"disabled","footer-sml-layout":"","theme-transparent-header-meta":"","adv-header-id-meta":"","stick-header-meta":"","header-above-stick-meta":"","header-main-stick-meta":"","header-below-stick-meta":"","astra-migrate-meta-layouts":"default","ast-page-background-enabled":"default","ast-page-background-meta":{"desktop":{"background-color":"var(--ast-global-color-5)","background-image":"","background-repeat":"repeat","background-position":"center center","background-size":"auto","background-attachment":"scroll","background-type":"","background-media":"","overlay-type":"","overlay-color":"","overlay-opacity":"","overlay-gradient":""},"tablet":{"background-color":"","background-image":"","background-repeat":"repeat","background-position":"center center","background-size":"auto","background-attachment":"scroll","background-type":"","background-media":"","overlay-type":"","overlay-color":"","overlay-opacity":"","overlay-gradient":""},"mobile":{"background-color":"","background-image":"","background-repeat":"repeat","background-position":"center center","background-size":"auto","background-attachment":"scroll","background-type":"","background-media":"","overlay-type":"","overlay-color":"","overlay-opacity":"","overlay-gradient":""}},"ast-content-background-meta":{"desktop":{"background-color":"var(--ast-global-color-4)","background-image":"","background-repeat":"repeat","background-position":"center center","background-size":"auto","background-attachment":"scroll","background-type":"","background-media":"","overlay-type":"","overlay-color":"","overlay-opacity":"","overlay-gradient":""},"tablet":{"background-color":"var(--ast-global-color-4)","background-image":"","background-repeat":"repeat","background-position":"center center","background-size":"auto","background-attachment":"scroll","background-type":"","background-media":"","overlay-type":"","overlay-color":"","overlay-opacity":"","overlay-gradient":""},"mobile":{"background-color":"var(--ast-global-color-4)","background-image":"","background-repeat":"repeat","background-position":"center center","background-size":"auto","background-attachment":"scroll","background-type":"","background-media":"","overlay-type":"","overlay-color":"","overlay-opacity":"","overlay-gradient":""}},"footnotes":""},"class_list":["post-549","page","type-page","status-publish","hentry"],"_links":{"self":[{"href":"https:\/\/vkslavia.cz\/index.php?rest_route=\/wp\/v2\/pages\/549","targetHints":{"allow":["GET"]}}],"collection":[{"href":"https:\/\/vkslavia.cz\/index.php?rest_route=\/wp\/v2\/pages"}],"about":[{"href":"https:\/\/vkslavia.cz\/index.php?rest_route=\/wp\/v2\/types\/page"}],"author":[{"embeddable":true,"href":"https:\/\/vkslavia.cz\/index.php?rest_route=\/wp\/v2\/users\/2"}],"replies":[{"embeddable":true,"href":"https:\/\/vkslavia.cz\/index.php?rest_route=%2Fwp%2Fv2%2Fcomments&post=549"}],"version-history":[{"count":13,"href":"https:\/\/vkslavia.cz\/index.php?rest_route=\/wp\/v2\/pages\/549\/revisions"}],"predecessor-version":[{"id":1332,"href":"https:\/\/vkslavia.cz\/index.php?rest_route=\/wp\/v2\/pages\/549\/revisions\/1332"}],"wp:attachment":[{"href":"https:\/\/vkslavia.cz\/index.php?rest_route=%2Fwp%2Fv2%2Fmedia&parent=549"}],"curies":[{"name":"wp","href":"https:\/\/api.w.org\/{rel}","templated":true}]}}