{"id":129,"date":"2025-11-03T21:45:09","date_gmt":"2025-11-03T21:45:09","guid":{"rendered":"https:\/\/vkslavia.oone.dev\/?page_id=129"},"modified":"2025-11-12T08:35:45","modified_gmt":"2025-11-12T08:35:45","slug":"clenstvi","status":"publish","type":"page","link":"https:\/\/vkslavia.cz\/?page_id=129","title":{"rendered":"\u010clenstv\u00ed"},"content":{"rendered":"\t\t<div data-elementor-type=\"wp-page\" data-elementor-id=\"129\" class=\"elementor elementor-129\">\n\t\t\t\t<div class=\"elementor-element elementor-element-ee0c2fe e-flex e-con-boxed e-con e-parent\" data-id=\"ee0c2fe\" data-element_type=\"container\">\n\t\t\t\t\t<div class=\"e-con-inner\">\n\t\t\t\t<div class=\"elementor-element elementor-element-6c19ccc elementor-widget elementor-widget-heading\" data-id=\"6c19ccc\" data-element_type=\"widget\" data-widget_type=\"heading.default\">\n\t\t\t\t\t<h1 class=\"elementor-heading-title elementor-size-default\">\u010clenstv\u00ed<\/h1>\t\t\t\t<\/div>\n\t\t\t\t<div class=\"elementor-element elementor-element-70ab8bc elementor-widget-divider--view-line elementor-widget elementor-widget-divider\" data-id=\"70ab8bc\" data-element_type=\"widget\" data-widget_type=\"divider.default\">\n\t\t\t\t\t\t\t<div class=\"elementor-divider\">\n\t\t\t<span class=\"elementor-divider-separator\">\n\t\t\t\t\t\t<\/span>\n\t\t<\/div>\n\t\t\t\t\t\t<\/div>\n\t\t\t\t\t<\/div>\n\t\t\t\t<\/div>\n\t\t<div class=\"elementor-element elementor-element-5bd89be elementor-hidden-mobile e-flex e-con-boxed e-con e-parent\" data-id=\"5bd89be\" data-element_type=\"container\">\n\t\t\t\t\t<div class=\"e-con-inner\">\n\t\t<div class=\"elementor-element elementor-element-43ec3d8 e-con-full e-flex e-con e-child\" data-id=\"43ec3d8\" data-element_type=\"container\">\n\t\t\t\t<div class=\"elementor-element elementor-element-c9b6672 elementor-widget elementor-widget-image\" data-id=\"c9b6672\" data-element_type=\"widget\" data-widget_type=\"image.default\">\n\t\t\t\t\t\t\t\t\t\t\t\t\t\t\t\t<a href=\"https:\/\/vkslavia.cz\/?page_id=102\">\n\t\t\t\t\t\t\t<img fetchpriority=\"high\" decoding=\"async\" width=\"781\" height=\"468\" src=\"https:\/\/vkslavia.cz\/wp-content\/uploads\/2025\/11\/Nabor.png\" class=\"attachment-large size-large wp-image-769\" alt=\"\" srcset=\"https:\/\/vkslavia.cz\/wp-content\/uploads\/2025\/11\/Nabor.png 781w, https:\/\/vkslavia.cz\/wp-content\/uploads\/2025\/11\/Nabor-300x180.png 300w, https:\/\/vkslavia.cz\/wp-content\/uploads\/2025\/11\/Nabor-768x460.png 768w\" sizes=\"(max-width: 781px) 100vw, 781px\" \/>\t\t\t\t\t\t\t\t<\/a>\n\t\t\t\t\t\t\t\t\t\t\t\t\t\t\t<\/div>\n\t\t\t\t<\/div>\n\t\t<div class=\"elementor-element elementor-element-20f3187 e-con-full e-flex e-con e-child\" data-id=\"20f3187\" data-element_type=\"container\">\n\t\t\t\t<div class=\"elementor-element elementor-element-754fc6b elementor-widget elementor-widget-heading\" data-id=\"754fc6b\" data-element_type=\"widget\" data-widget_type=\"heading.default\">\n\t\t\t\t\t<h2 class=\"elementor-heading-title elementor-size-default\"><a href=\"https:\/\/vkslavia.cz\/?page_id=102\">N\u00e1bor<\/a><\/h2>\t\t\t\t<\/div>\n\t\t\t\t<div class=\"elementor-element elementor-element-d97fc7f elementor-widget-divider--view-line elementor-widget elementor-widget-divider\" data-id=\"d97fc7f\" data-element_type=\"widget\" data-widget_type=\"divider.default\">\n\t\t\t\t\t\t\t<div class=\"elementor-divider\">\n\t\t\t<span class=\"elementor-divider-separator\">\n\t\t\t\t\t\t<\/span>\n\t\t<\/div>\n\t\t\t\t\t\t<\/div>\n\t\t\t\t<\/div>\n\t\t\t\t\t<\/div>\n\t\t\t\t<\/div>\n\t\t<div class=\"elementor-element elementor-element-51aa533 elementor-hidden-mobile e-flex e-con-boxed e-con e-parent\" data-id=\"51aa533\" data-element_type=\"container\">\n\t\t\t\t\t<div class=\"e-con-inner\">\n\t\t<div class=\"elementor-element elementor-element-9099084 e-con-full e-flex e-con e-child\" data-id=\"9099084\" data-element_type=\"container\">\n\t\t\t\t<div class=\"elementor-element elementor-element-af20b07 elementor-widget elementor-widget-heading\" data-id=\"af20b07\" data-element_type=\"widget\" data-widget_type=\"heading.default\">\n\t\t\t\t\t<h2 class=\"elementor-heading-title elementor-size-default\"><a href=\"https:\/\/vkslavia.cz\/?page_id=104\">\u010clensk\u00e9 poplatky<\/a><\/h2>\t\t\t\t<\/div>\n\t\t\t\t<div class=\"elementor-element elementor-element-6f2258a elementor-widget-divider--view-line elementor-widget elementor-widget-divider\" data-id=\"6f2258a\" data-element_type=\"widget\" data-widget_type=\"divider.default\">\n\t\t\t\t\t\t\t<div class=\"elementor-divider\">\n\t\t\t<span class=\"elementor-divider-separator\">\n\t\t\t\t\t\t<\/span>\n\t\t<\/div>\n\t\t\t\t\t\t<\/div>\n\t\t\t\t<\/div>\n\t\t<div class=\"elementor-element elementor-element-b6b2fb2 e-con-full e-flex e-con e-child\" data-id=\"b6b2fb2\" data-element_type=\"container\">\n\t\t\t\t<div class=\"elementor-element elementor-element-007d17c elementor-widget elementor-widget-image\" data-id=\"007d17c\" data-element_type=\"widget\" data-widget_type=\"image.default\">\n\t\t\t\t\t\t\t\t\t\t\t\t\t\t\t\t<a href=\"https:\/\/vkslavia.cz\/?page_id=104\">\n\t\t\t\t\t\t\t<img decoding=\"async\" width=\"1024\" height=\"683\" src=\"https:\/\/vkslavia.cz\/wp-content\/uploads\/2025\/11\/slaviafoceni-9_optimized-1024x683.jpg\" class=\"attachment-large size-large wp-image-678\" alt=\"\" srcset=\"https:\/\/vkslavia.cz\/wp-content\/uploads\/2025\/11\/slaviafoceni-9_optimized-1024x683.jpg 1024w, https:\/\/vkslavia.cz\/wp-content\/uploads\/2025\/11\/slaviafoceni-9_optimized-300x200.jpg 300w, https:\/\/vkslavia.cz\/wp-content\/uploads\/2025\/11\/slaviafoceni-9_optimized-768x512.jpg 768w, https:\/\/vkslavia.cz\/wp-content\/uploads\/2025\/11\/slaviafoceni-9_optimized-1536x1024.jpg 1536w, https:\/\/vkslavia.cz\/wp-content\/uploads\/2025\/11\/slaviafoceni-9_optimized-2048x1365.jpg 2048w\" sizes=\"(max-width: 1024px) 100vw, 1024px\" \/>\t\t\t\t\t\t\t\t<\/a>\n\t\t\t\t\t\t\t\t\t\t\t\t\t\t\t<\/div>\n\t\t\t\t<\/div>\n\t\t\t\t\t<\/div>\n\t\t\t\t<\/div>\n\t\t<div class=\"elementor-element elementor-element-520c667 e-grid elementor-hidden-desktop elementor-hidden-tablet e-con-boxed e-con e-parent\" data-id=\"520c667\" data-element_type=\"container\">\n\t\t\t\t\t<div class=\"e-con-inner\">\n\t\t\t\t<div class=\"elementor-element elementor-element-0f5eda7 elementor-widget elementor-widget-image\" data-id=\"0f5eda7\" data-element_type=\"widget\" data-widget_type=\"image.default\">\n\t\t\t\t\t\t\t\t\t\t\t\t\t\t\t\t<a href=\"https:\/\/vkslavia.cz\/?page_id=102\">\n\t\t\t\t\t\t\t<img fetchpriority=\"high\" decoding=\"async\" width=\"781\" height=\"468\" src=\"https:\/\/vkslavia.cz\/wp-content\/uploads\/2025\/11\/Nabor.png\" class=\"attachment-large size-large wp-image-769\" alt=\"\" srcset=\"https:\/\/vkslavia.cz\/wp-content\/uploads\/2025\/11\/Nabor.png 781w, https:\/\/vkslavia.cz\/wp-content\/uploads\/2025\/11\/Nabor-300x180.png 300w, https:\/\/vkslavia.cz\/wp-content\/uploads\/2025\/11\/Nabor-768x460.png 768w\" sizes=\"(max-width: 781px) 100vw, 781px\" \/>\t\t\t\t\t\t\t\t<\/a>\n\t\t\t\t\t\t\t\t\t\t\t\t\t\t\t<\/div>\n\t\t<div class=\"elementor-element elementor-element-4b2b631 e-con-full e-flex e-con e-child\" data-id=\"4b2b631\" data-element_type=\"container\">\n\t\t\t\t<div class=\"elementor-element elementor-element-7469086 elementor-widget elementor-widget-heading\" data-id=\"7469086\" data-element_type=\"widget\" data-widget_type=\"heading.default\">\n\t\t\t\t\t<h2 class=\"elementor-heading-title elementor-size-default\"><a href=\"https:\/\/vkslavia.cz\/?page_id=102\">N\u00e1bor<\/a><\/h2>\t\t\t\t<\/div>\n\t\t\t\t<div class=\"elementor-element elementor-element-c5a183f elementor-widget-divider--view-line elementor-widget elementor-widget-divider\" data-id=\"c5a183f\" data-element_type=\"widget\" data-widget_type=\"divider.default\">\n\t\t\t\t\t\t\t<div class=\"elementor-divider\">\n\t\t\t<span class=\"elementor-divider-separator\">\n\t\t\t\t\t\t<\/span>\n\t\t<\/div>\n\t\t\t\t\t\t<\/div>\n\t\t\t\t<\/div>\n\t\t<div class=\"elementor-element elementor-element-397e571 e-con-full e-flex e-con e-child\" data-id=\"397e571\" data-element_type=\"container\">\n\t\t\t\t<div class=\"elementor-element elementor-element-d885324 elementor-widget elementor-widget-heading\" data-id=\"d885324\" data-element_type=\"widget\" data-widget_type=\"heading.default\">\n\t\t\t\t\t<h2 class=\"elementor-heading-title elementor-size-default\"><a href=\"https:\/\/vkslavia.cz\/?page_id=104\">\u010clensk\u00e9 poplatky<\/a><\/h2>\t\t\t\t<\/div>\n\t\t\t\t<div class=\"elementor-element elementor-element-0c3d8bd elementor-widget-divider--view-line elementor-widget elementor-widget-divider\" data-id=\"0c3d8bd\" data-element_type=\"widget\" data-widget_type=\"divider.default\">\n\t\t\t\t\t\t\t<div class=\"elementor-divider\">\n\t\t\t<span class=\"elementor-divider-separator\">\n\t\t\t\t\t\t<\/span>\n\t\t<\/div>\n\t\t\t\t\t\t<\/div>\n\t\t\t\t<\/div>\n\t\t\t\t<div class=\"elementor-element elementor-element-1a4ab4a elementor-widget elementor-widget-image\" data-id=\"1a4ab4a\" data-element_type=\"widget\" data-widget_type=\"image.default\">\n\t\t\t\t\t\t\t\t\t\t\t\t\t\t\t\t<a href=\"https:\/\/vkslavia.cz\/?page_id=104\">\n\t\t\t\t\t\t\t<img decoding=\"async\" width=\"1024\" height=\"683\" src=\"https:\/\/vkslavia.cz\/wp-content\/uploads\/2025\/11\/slaviafoceni-9_optimized-1024x683.jpg\" class=\"attachment-large size-large wp-image-678\" alt=\"\" srcset=\"https:\/\/vkslavia.cz\/wp-content\/uploads\/2025\/11\/slaviafoceni-9_optimized-1024x683.jpg 1024w, https:\/\/vkslavia.cz\/wp-content\/uploads\/2025\/11\/slaviafoceni-9_optimized-300x200.jpg 300w, https:\/\/vkslavia.cz\/wp-content\/uploads\/2025\/11\/slaviafoceni-9_optimized-768x512.jpg 768w, https:\/\/vkslavia.cz\/wp-content\/uploads\/2025\/11\/slaviafoceni-9_optimized-1536x1024.jpg 1536w, https:\/\/vkslavia.cz\/wp-content\/uploads\/2025\/11\/slaviafoceni-9_optimized-2048x1365.jpg 2048w\" sizes=\"(max-width: 1024px) 100vw, 1024px\" \/>\t\t\t\t\t\t\t\t<\/a>\n\t\t\t\t\t\t\t\t\t\t\t\t\t\t\t<\/div>\n\t\t\t\t\t<\/div>\n\t\t\t\t<\/div>\n\t\t\t\t<\/div>\n\t\t","protected":false},"excerpt":{"rendered":"<p>\u010clenstv\u00ed N\u00e1bor \u010clensk\u00e9 poplatky N\u00e1bor \u010clensk\u00e9 poplatky<\/p>\n","protected":false},"author":2,"featured_media":0,"parent":0,"menu_order":0,"comment_status":"closed","ping_status":"closed","template":"","meta":{"site-sidebar-layout":"no-sidebar","site-content-layout":"","ast-site-content-layout":"full-width-container","site-content-style":"default","site-sidebar-style":"default","ast-global-header-display":"","ast-banner-title-visibility":"","ast-main-header-display":"","ast-hfb-above-header-display":"","ast-hfb-below-header-display":"","ast-hfb-mobile-header-display":"","site-post-title":"disabled","ast-breadcrumbs-content":"","ast-featured-img":"disabled","footer-sml-layout":"","theme-transparent-header-meta":"","adv-header-id-meta":"","stick-header-meta":"","header-above-stick-meta":"","header-main-stick-meta":"","header-below-stick-meta":"","astra-migrate-meta-layouts":"default","ast-page-background-enabled":"default","ast-page-background-meta":{"desktop":{"background-color":"var(--ast-global-color-5)","background-image":"","background-repeat":"repeat","background-position":"center center","background-size":"auto","background-attachment":"scroll","background-type":"","background-media":"","overlay-type":"","overlay-color":"","overlay-opacity":"","overlay-gradient":""},"tablet":{"background-color":"","background-image":"","background-repeat":"repeat","background-position":"center center","background-size":"auto","background-attachment":"scroll","background-type":"","background-media":"","overlay-type":"","overlay-color":"","overlay-opacity":"","overlay-gradient":""},"mobile":{"background-color":"","background-image":"","background-repeat":"repeat","background-position":"center center","background-size":"auto","background-attachment":"scroll","background-type":"","background-media":"","overlay-type":"","overlay-color":"","overlay-opacity":"","overlay-gradient":""}},"ast-content-background-meta":{"desktop":{"background-color":"var(--ast-global-color-4)","background-image":"","background-repeat":"repeat","background-position":"center center","background-size":"auto","background-attachment":"scroll","background-type":"","background-media":"","overlay-type":"","overlay-color":"","overlay-opacity":"","overlay-gradient":""},"tablet":{"background-color":"var(--ast-global-color-4)","background-image":"","background-repeat":"repeat","background-position":"center center","background-size":"auto","background-attachment":"scroll","background-type":"","background-media":"","overlay-type":"","overlay-color":"","overlay-opacity":"","overlay-gradient":""},"mobile":{"background-color":"var(--ast-global-color-4)","background-image":"","background-repeat":"repeat","background-position":"center center","background-size":"auto","background-attachment":"scroll","background-type":"","background-media":"","overlay-type":"","overlay-color":"","overlay-opacity":"","overlay-gradient":""}},"footnotes":""},"class_list":["post-129","page","type-page","status-publish","hentry"],"_links":{"self":[{"href":"https:\/\/vkslavia.cz\/index.php?rest_route=\/wp\/v2\/pages\/129","targetHints":{"allow":["GET"]}}],"collection":[{"href":"https:\/\/vkslavia.cz\/index.php?rest_route=\/wp\/v2\/pages"}],"about":[{"href":"https:\/\/vkslavia.cz\/index.php?rest_route=\/wp\/v2\/types\/page"}],"author":[{"embeddable":true,"href":"https:\/\/vkslavia.cz\/index.php?rest_route=\/wp\/v2\/users\/2"}],"replies":[{"embeddable":true,"href":"https:\/\/vkslavia.cz\/index.php?rest_route=%2Fwp%2Fv2%2Fcomments&post=129"}],"version-history":[{"count":61,"href":"https:\/\/vkslavia.cz\/index.php?rest_route=\/wp\/v2\/pages\/129\/revisions"}],"predecessor-version":[{"id":1413,"href":"https:\/\/vkslavia.cz\/index.php?rest_route=\/wp\/v2\/pages\/129\/revisions\/1413"}],"wp:attachment":[{"href":"https:\/\/vkslavia.cz\/index.php?rest_route=%2Fwp%2Fv2%2Fmedia&parent=129"}],"curies":[{"name":"wp","href":"https:\/\/api.w.org\/{rel}","templated":true}]}}