{"id":104,"date":"2025-11-03T21:37:47","date_gmt":"2025-11-03T21:37:47","guid":{"rendered":"https:\/\/vkslavia.oone.dev\/?page_id=104"},"modified":"2026-01-21T18:44:21","modified_gmt":"2026-01-21T18:44:21","slug":"clenske-poplatky","status":"publish","type":"page","link":"https:\/\/vkslavia.cz\/?page_id=104","title":{"rendered":"\u010clensk\u00e9 poplatky"},"content":{"rendered":"\t\t<div data-elementor-type=\"wp-page\" data-elementor-id=\"104\" class=\"elementor elementor-104\">\n\t\t\t\t<div class=\"elementor-element elementor-element-0a60489 e-flex e-con-boxed e-con e-parent\" data-id=\"0a60489\" data-element_type=\"container\">\n\t\t\t\t\t<div class=\"e-con-inner\">\n\t\t\t\t<div class=\"elementor-element elementor-element-b559575 elementor-widget elementor-widget-heading\" data-id=\"b559575\" data-element_type=\"widget\" data-widget_type=\"heading.default\">\n\t\t\t\t\t<h1 class=\"elementor-heading-title elementor-size-default\">\u010clensk\u00e9 poplatky<\/h1>\t\t\t\t<\/div>\n\t\t\t\t<div class=\"elementor-element elementor-element-92c9407 elementor-widget-divider--view-line elementor-widget elementor-widget-divider\" data-id=\"92c9407\" data-element_type=\"widget\" data-widget_type=\"divider.default\">\n\t\t\t\t\t\t\t<div class=\"elementor-divider\">\n\t\t\t<span class=\"elementor-divider-separator\">\n\t\t\t\t\t\t<\/span>\n\t\t<\/div>\n\t\t\t\t\t\t<\/div>\n\t\t\t\t<div class=\"elementor-element elementor-element-d2a0b3e elementor-widget__width-initial elementor-widget elementor-widget-text-editor\" data-id=\"d2a0b3e\" data-element_type=\"widget\" data-widget_type=\"text-editor.default\">\n\t\t\t\t\t\t\t\t\t<p><strong>\u010clenov\u00e9 z\u00e1vodn\u00edho dru\u017estva a \u017eactvo<\/strong> &#8211; 6 000 K\u010d<br><strong>Nez\u00e1vodn\u00ed vesla\u0159i<\/strong> &#8211; 12 000 K\u010d<br><span style=\"font-style: inherit;\">Zku\u0161ebn\u00ed \u010dlenstv\u00ed &#8211; 2000 \/ m\u011bs\u00edc&nbsp;<br><b>Masters<\/b><\/span><span style=\"font-style: inherit;\"><span style=\"font-weight: inherit;\"> &#8211; 7 500 K\u010d<\/span><br><\/span><strong style=\"font-style: inherit;\">Udr\u017eovac\u00ed poplatek <\/strong><span style=\"font-style: inherit;\"><span style=\"font-weight: inherit;\">(&#8222;sp\u00edc\u00ed \u010dlenstv\u00ed&#8220;) &#8211; 500 K\u010d &nbsp; <b>Sauna <\/b>&#8211; 150 K\u010d \/h<\/span><\/span><\/p>\n<p><strong style=\"font-style: inherit;\">\u010c\u00edslo bankovn\u00edho \u00fa\u010dtu: <\/strong><span style=\"font-style: inherit; font-weight: inherit;\">120641339\/0800<\/span><\/p>\t\t\t\t\t\t\t\t<\/div>\n\t\t\t\t\t<\/div>\n\t\t\t\t<\/div>\n\t\t\t\t<\/div>\n\t\t","protected":false},"excerpt":{"rendered":"<p>\u010clensk\u00e9 poplatky \u010clenov\u00e9 z\u00e1vodn\u00edho dru\u017estva a \u017eactvo &#8211; 6 000 K\u010dNez\u00e1vodn\u00ed vesla\u0159i &#8211; 12 000 K\u010dZku\u0161ebn\u00ed \u010dlenstv\u00ed &#8211; 2000 \/ [&hellip;]<\/p>\n","protected":false},"author":2,"featured_media":0,"parent":0,"menu_order":0,"comment_status":"closed","ping_status":"closed","template":"","meta":{"site-sidebar-layout":"no-sidebar","site-content-layout":"","ast-site-content-layout":"full-width-container","site-content-style":"default","site-sidebar-style":"default","ast-global-header-display":"","ast-banner-title-visibility":"","ast-main-header-display":"","ast-hfb-above-header-display":"","ast-hfb-below-header-display":"","ast-hfb-mobile-header-display":"","site-post-title":"disabled","ast-breadcrumbs-content":"","ast-featured-img":"disabled","footer-sml-layout":"","theme-transparent-header-meta":"","adv-header-id-meta":"","stick-header-meta":"","header-above-stick-meta":"","header-main-stick-meta":"","header-below-stick-meta":"","astra-migrate-meta-layouts":"default","ast-page-background-enabled":"default","ast-page-background-meta":{"desktop":{"background-color":"var(--ast-global-color-5)","background-image":"","background-repeat":"repeat","background-position":"center center","background-size":"auto","background-attachment":"scroll","background-type":"","background-media":"","overlay-type":"","overlay-color":"","overlay-opacity":"","overlay-gradient":""},"tablet":{"background-color":"","background-image":"","background-repeat":"repeat","background-position":"center center","background-size":"auto","background-attachment":"scroll","background-type":"","background-media":"","overlay-type":"","overlay-color":"","overlay-opacity":"","overlay-gradient":""},"mobile":{"background-color":"","background-image":"","background-repeat":"repeat","background-position":"center center","background-size":"auto","background-attachment":"scroll","background-type":"","background-media":"","overlay-type":"","overlay-color":"","overlay-opacity":"","overlay-gradient":""}},"ast-content-background-meta":{"desktop":{"background-color":"var(--ast-global-color-4)","background-image":"","background-repeat":"repeat","background-position":"center center","background-size":"auto","background-attachment":"scroll","background-type":"","background-media":"","overlay-type":"","overlay-color":"","overlay-opacity":"","overlay-gradient":""},"tablet":{"background-color":"var(--ast-global-color-4)","background-image":"","background-repeat":"repeat","background-position":"center center","background-size":"auto","background-attachment":"scroll","background-type":"","background-media":"","overlay-type":"","overlay-color":"","overlay-opacity":"","overlay-gradient":""},"mobile":{"background-color":"var(--ast-global-color-4)","background-image":"","background-repeat":"repeat","background-position":"center center","background-size":"auto","background-attachment":"scroll","background-type":"","background-media":"","overlay-type":"","overlay-color":"","overlay-opacity":"","overlay-gradient":""}},"footnotes":""},"class_list":["post-104","page","type-page","status-publish","hentry"],"_links":{"self":[{"href":"https:\/\/vkslavia.cz\/index.php?rest_route=\/wp\/v2\/pages\/104","targetHints":{"allow":["GET"]}}],"collection":[{"href":"https:\/\/vkslavia.cz\/index.php?rest_route=\/wp\/v2\/pages"}],"about":[{"href":"https:\/\/vkslavia.cz\/index.php?rest_route=\/wp\/v2\/types\/page"}],"author":[{"embeddable":true,"href":"https:\/\/vkslavia.cz\/index.php?rest_route=\/wp\/v2\/users\/2"}],"replies":[{"embeddable":true,"href":"https:\/\/vkslavia.cz\/index.php?rest_route=%2Fwp%2Fv2%2Fcomments&post=104"}],"version-history":[{"count":31,"href":"https:\/\/vkslavia.cz\/index.php?rest_route=\/wp\/v2\/pages\/104\/revisions"}],"predecessor-version":[{"id":1463,"href":"https:\/\/vkslavia.cz\/index.php?rest_route=\/wp\/v2\/pages\/104\/revisions\/1463"}],"wp:attachment":[{"href":"https:\/\/vkslavia.cz\/index.php?rest_route=%2Fwp%2Fv2%2Fmedia&parent=104"}],"curies":[{"name":"wp","href":"https:\/\/api.w.org\/{rel}","templated":true}]}}