{"id":102,"date":"2025-11-03T21:37:19","date_gmt":"2025-11-03T21:37:19","guid":{"rendered":"https:\/\/vkslavia.oone.dev\/?page_id=102"},"modified":"2025-11-11T20:49:49","modified_gmt":"2025-11-11T20:49:49","slug":"nabor","status":"publish","type":"page","link":"https:\/\/vkslavia.cz\/?page_id=102","title":{"rendered":"N\u00e1bor"},"content":{"rendered":"\t\t<div data-elementor-type=\"wp-page\" data-elementor-id=\"102\" class=\"elementor elementor-102\">\n\t\t\t\t<div class=\"elementor-element elementor-element-f8e8e2e elementor-hidden-mobile elementor-hidden-tablet e-flex e-con-boxed e-con e-parent\" data-id=\"f8e8e2e\" data-element_type=\"container\" data-settings=\"{&quot;background_background&quot;:&quot;classic&quot;}\">\n\t\t\t\t\t<div class=\"e-con-inner\">\n\t\t\t\t\t<\/div>\n\t\t\t\t<\/div>\n\t\t<div class=\"elementor-element elementor-element-64bc471 e-flex e-con-boxed e-con e-parent\" data-id=\"64bc471\" data-element_type=\"container\">\n\t\t\t\t\t<div class=\"e-con-inner\">\n\t\t\t\t<div class=\"elementor-element elementor-element-c04ade1 elementor-widget elementor-widget-heading\" data-id=\"c04ade1\" data-element_type=\"widget\" data-widget_type=\"heading.default\">\n\t\t\t\t\t<h1 class=\"elementor-heading-title elementor-size-default\">N\u00e1bor<\/h1>\t\t\t\t<\/div>\n\t\t\t\t<div class=\"elementor-element elementor-element-9ed588f elementor-widget-divider--view-line elementor-widget elementor-widget-divider\" data-id=\"9ed588f\" data-element_type=\"widget\" data-widget_type=\"divider.default\">\n\t\t\t\t\t\t\t<div class=\"elementor-divider\">\n\t\t\t<span class=\"elementor-divider-separator\">\n\t\t\t\t\t\t<\/span>\n\t\t<\/div>\n\t\t\t\t\t\t<\/div>\n\t\t\t\t<div class=\"elementor-element elementor-element-36e9a83 elementor-widget elementor-widget-heading\" data-id=\"36e9a83\" data-element_type=\"widget\" data-widget_type=\"heading.default\">\n\t\t\t\t\t<h3 class=\"elementor-heading-title elementor-size-default\">P\u0159ij\u010f veslovat do VK Slavia Praha<\/h3>\t\t\t\t<\/div>\n\t\t\t\t<div class=\"elementor-element elementor-element-729e665 elementor-widget__width-initial elementor-widget elementor-widget-text-editor\" data-id=\"729e665\" data-element_type=\"widget\" data-widget_type=\"text-editor.default\">\n\t\t\t\t\t\t\t\t\t<p>Hled\u00e1me holky a kluky ve v\u0161ech v\u011bkov\u00fdch kategori\u00edch. <strong>Lod\u011bnice VK Slavia, N\u00e1b\u0159e\u017en\u00ed 87\/2, Praha 5 &#8211; Sm\u00edchov<\/strong>, naproti Tan\u010d\u00edc\u00edmu domu (mapa viz sekce <a href=\"https:\/\/vkslavia.cz\/?page_id=110\"><span style=\"text-decoration: underline;\"><strong>kontakt<\/strong><\/span><\/a>). Ka\u017ed\u00fd v\u0161edn\u00ed den od 16:00 hodin.<\/p><p>P\u0159ed prvn\u00ed n\u00e1v\u0161t\u011bvou klubu doporu\u010dujeme nejprve kontaktovat <a href=\"https:\/\/vkslavia.cz\/?page_id=84\"><span style=\"text-decoration: underline;\"><strong>tren\u00e9ry<\/strong><\/span><\/a> a dohodnout si term\u00edn prvn\u00ed n\u00e1v\u0161t\u011bvy. <br \/>V p\u0159\u00edpad\u011b, \u017ee se rozhodnete pro \u010dlenstv\u00ed ve VK Slavia Praha, je nutn\u00e9 podat p\u0159ihl\u00e1\u0161ku a uhradit \u010dlensk\u00fd p\u0159\u00edsp\u011bvek. V\u00edce informac\u00ed viz <span style=\"text-decoration: underline;\"><a href=\"https:\/\/vkslavia.cz\/?page_id=129\"><strong>\u010dlenstv\u00ed<\/strong><\/a><\/span>.<\/p>\t\t\t\t\t\t\t\t<\/div>\n\t\t\t\t\t<\/div>\n\t\t\t\t<\/div>\n\t\t<div class=\"elementor-element elementor-element-1f0bc13 elementor-hidden-mobile e-flex e-con-boxed e-con e-parent\" data-id=\"1f0bc13\" data-element_type=\"container\">\n\t\t\t\t\t<div class=\"e-con-inner\">\n\t\t<div class=\"elementor-element elementor-element-c4e76bd e-con-full e-flex e-con e-child\" data-id=\"c4e76bd\" data-element_type=\"container\">\n\t\t\t\t<div class=\"elementor-element elementor-element-f8d3354 elementor-align-center elementor-widget elementor-widget-button\" data-id=\"f8d3354\" data-element_type=\"widget\" data-widget_type=\"button.default\">\n\t\t\t\t\t\t\t\t\t\t<a class=\"elementor-button elementor-button-link elementor-size-sm\" href=\"https:\/\/vkslavia.cz\/?page_id=84\">\n\t\t\t\t\t\t<span class=\"elementor-button-content-wrapper\">\n\t\t\t\t\t\t\t\t\t<span class=\"elementor-button-text\">Tren\u00e9\u0159i<\/span>\n\t\t\t\t\t<\/span>\n\t\t\t\t\t<\/a>\n\t\t\t\t\t\t\t\t<\/div>\n\t\t\t\t<\/div>\n\t\t<div class=\"elementor-element elementor-element-e09c5a7 e-con-full e-flex e-con e-child\" data-id=\"e09c5a7\" data-element_type=\"container\">\n\t\t\t\t<div class=\"elementor-element elementor-element-cddb7a0 elementor-align-center elementor-widget elementor-widget-button\" data-id=\"cddb7a0\" data-element_type=\"widget\" data-widget_type=\"button.default\">\n\t\t\t\t\t\t\t\t\t\t<a class=\"elementor-button elementor-button-link elementor-size-sm\" href=\"https:\/\/vkslavia.cz\/?page_id=108\">\n\t\t\t\t\t\t<span class=\"elementor-button-content-wrapper\">\n\t\t\t\t\t\t\t\t\t<span class=\"elementor-button-text\">St\u00e1t se \u010dlenem<\/span>\n\t\t\t\t\t<\/span>\n\t\t\t\t\t<\/a>\n\t\t\t\t\t\t\t\t<\/div>\n\t\t\t\t<\/div>\n\t\t\t\t\t<\/div>\n\t\t\t\t<\/div>\n\t\t<div class=\"elementor-element elementor-element-d12b283 e-grid elementor-hidden-desktop elementor-hidden-tablet e-con-boxed e-con e-parent\" data-id=\"d12b283\" data-element_type=\"container\">\n\t\t\t\t\t<div class=\"e-con-inner\">\n\t\t\t\t<div class=\"elementor-element elementor-element-8a34974 elementor-align-center elementor-widget elementor-widget-button\" data-id=\"8a34974\" data-element_type=\"widget\" data-widget_type=\"button.default\">\n\t\t\t\t\t\t\t\t\t\t<a class=\"elementor-button elementor-button-link elementor-size-sm\" href=\"https:\/\/vkslavia.cz\/?page_id=84\">\n\t\t\t\t\t\t<span class=\"elementor-button-content-wrapper\">\n\t\t\t\t\t\t\t\t\t<span class=\"elementor-button-text\">Tren\u00e9\u0159i<\/span>\n\t\t\t\t\t<\/span>\n\t\t\t\t\t<\/a>\n\t\t\t\t\t\t\t\t<\/div>\n\t\t\t\t<div class=\"elementor-element elementor-element-f86947c elementor-align-center elementor-widget-mobile__width-initial elementor-widget elementor-widget-button\" data-id=\"f86947c\" data-element_type=\"widget\" data-widget_type=\"button.default\">\n\t\t\t\t\t\t\t\t\t\t<a class=\"elementor-button elementor-button-link elementor-size-sm\" href=\"https:\/\/vkslavia.cz\/?page_id=108\">\n\t\t\t\t\t\t<span class=\"elementor-button-content-wrapper\">\n\t\t\t\t\t\t\t\t\t<span class=\"elementor-button-text\">St\u00e1t se \u010dlenem<\/span>\n\t\t\t\t\t<\/span>\n\t\t\t\t\t<\/a>\n\t\t\t\t\t\t\t\t<\/div>\n\t\t\t\t\t<\/div>\n\t\t\t\t<\/div>\n\t\t\t\t<\/div>\n\t\t","protected":false},"excerpt":{"rendered":"<p>N\u00e1bor P\u0159ij\u010f veslovat do VK Slavia Praha Hled\u00e1me holky a kluky ve v\u0161ech v\u011bkov\u00fdch kategori\u00edch. Lod\u011bnice VK Slavia, N\u00e1b\u0159e\u017en\u00ed 87\/2, [&hellip;]<\/p>\n","protected":false},"author":2,"featured_media":0,"parent":0,"menu_order":0,"comment_status":"closed","ping_status":"closed","template":"","meta":{"site-sidebar-layout":"no-sidebar","site-content-layout":"","ast-site-content-layout":"full-width-container","site-content-style":"default","site-sidebar-style":"default","ast-global-header-display":"","ast-banner-title-visibility":"","ast-main-header-display":"","ast-hfb-above-header-display":"","ast-hfb-below-header-display":"","ast-hfb-mobile-header-display":"","site-post-title":"disabled","ast-breadcrumbs-content":"","ast-featured-img":"disabled","footer-sml-layout":"","theme-transparent-header-meta":"","adv-header-id-meta":"","stick-header-meta":"","header-above-stick-meta":"","header-main-stick-meta":"","header-below-stick-meta":"","astra-migrate-meta-layouts":"default","ast-page-background-enabled":"default","ast-page-background-meta":{"desktop":{"background-color":"var(--ast-global-color-5)","background-image":"","background-repeat":"repeat","background-position":"center center","background-size":"auto","background-attachment":"scroll","background-type":"","background-media":"","overlay-type":"","overlay-color":"","overlay-opacity":"","overlay-gradient":""},"tablet":{"background-color":"","background-image":"","background-repeat":"repeat","background-position":"center center","background-size":"auto","background-attachment":"scroll","background-type":"","background-media":"","overlay-type":"","overlay-color":"","overlay-opacity":"","overlay-gradient":""},"mobile":{"background-color":"","background-image":"","background-repeat":"repeat","background-position":"center center","background-size":"auto","background-attachment":"scroll","background-type":"","background-media":"","overlay-type":"","overlay-color":"","overlay-opacity":"","overlay-gradient":""}},"ast-content-background-meta":{"desktop":{"background-color":"var(--ast-global-color-4)","background-image":"","background-repeat":"repeat","background-position":"center center","background-size":"auto","background-attachment":"scroll","background-type":"","background-media":"","overlay-type":"","overlay-color":"","overlay-opacity":"","overlay-gradient":""},"tablet":{"background-color":"var(--ast-global-color-4)","background-image":"","background-repeat":"repeat","background-position":"center center","background-size":"auto","background-attachment":"scroll","background-type":"","background-media":"","overlay-type":"","overlay-color":"","overlay-opacity":"","overlay-gradient":""},"mobile":{"background-color":"var(--ast-global-color-4)","background-image":"","background-repeat":"repeat","background-position":"center center","background-size":"auto","background-attachment":"scroll","background-type":"","background-media":"","overlay-type":"","overlay-color":"","overlay-opacity":"","overlay-gradient":""}},"footnotes":""},"class_list":["post-102","page","type-page","status-publish","hentry"],"_links":{"self":[{"href":"https:\/\/vkslavia.cz\/index.php?rest_route=\/wp\/v2\/pages\/102","targetHints":{"allow":["GET"]}}],"collection":[{"href":"https:\/\/vkslavia.cz\/index.php?rest_route=\/wp\/v2\/pages"}],"about":[{"href":"https:\/\/vkslavia.cz\/index.php?rest_route=\/wp\/v2\/types\/page"}],"author":[{"embeddable":true,"href":"https:\/\/vkslavia.cz\/index.php?rest_route=\/wp\/v2\/users\/2"}],"replies":[{"embeddable":true,"href":"https:\/\/vkslavia.cz\/index.php?rest_route=%2Fwp%2Fv2%2Fcomments&post=102"}],"version-history":[{"count":61,"href":"https:\/\/vkslavia.cz\/index.php?rest_route=\/wp\/v2\/pages\/102\/revisions"}],"predecessor-version":[{"id":1371,"href":"https:\/\/vkslavia.cz\/index.php?rest_route=\/wp\/v2\/pages\/102\/revisions\/1371"}],"wp:attachment":[{"href":"https:\/\/vkslavia.cz\/index.php?rest_route=%2Fwp%2Fv2%2Fmedia&parent=102"}],"curies":[{"name":"wp","href":"https:\/\/api.w.org\/{rel}","templated":true}]}}