{"id":100,"date":"2025-11-03T21:37:02","date_gmt":"2025-11-03T21:37:02","guid":{"rendered":"https:\/\/vkslavia.oone.dev\/?page_id=100"},"modified":"2025-12-04T18:53:55","modified_gmt":"2025-12-04T18:53:55","slug":"akademicke-veslovani","status":"publish","type":"page","link":"https:\/\/vkslavia.cz\/?page_id=100","title":{"rendered":"Akademick\u00e9 veslov\u00e1n\u00ed"},"content":{"rendered":"\t\t<div data-elementor-type=\"wp-page\" data-elementor-id=\"100\" class=\"elementor elementor-100\">\n\t\t\t\t<div class=\"elementor-element elementor-element-e8427a8 elementor-hidden-mobile elementor-hidden-tablet e-flex e-con-boxed e-con e-parent\" data-id=\"e8427a8\" data-element_type=\"container\" data-settings=\"{&quot;background_background&quot;:&quot;classic&quot;}\">\n\t\t\t\t\t<div class=\"e-con-inner\">\n\t\t\t\t\t<\/div>\n\t\t\t\t<\/div>\n\t\t<div class=\"elementor-element elementor-element-72d2d1f e-flex e-con-boxed e-con e-parent\" data-id=\"72d2d1f\" data-element_type=\"container\">\n\t\t\t\t\t<div class=\"e-con-inner\">\n\t\t\t\t<div class=\"elementor-element elementor-element-25e7d68 elementor-widget elementor-widget-heading\" data-id=\"25e7d68\" data-element_type=\"widget\" data-widget_type=\"heading.default\">\n\t\t\t\t\t<h1 class=\"elementor-heading-title elementor-size-default\">Akademick\u00e9 veslov\u00e1n\u00ed<\/h1>\t\t\t\t<\/div>\n\t\t<div class=\"elementor-element elementor-element-fe86f38 e-con-full e-flex e-con e-child\" data-id=\"fe86f38\" data-element_type=\"container\">\n\t\t\t\t<div class=\"elementor-element elementor-element-e035b27 elementor-widget elementor-widget-text-editor\" data-id=\"e035b27\" data-element_type=\"widget\" data-widget_type=\"text-editor.default\">\n\t\t\t\t\t\t\t\t\t<p>Vesla\u0159sk\u00fd klub Slavia Praha dlouhodob\u011b podporuje studenty, kte\u0159\u00ed cht\u011bj\u00ed spojit vysoko\u0161kolsk\u00e9 studium se sportovn\u00ed kari\u00e9rou. Akademi\u010dt\u00ed vesla\u0159i u n\u00e1s maj\u00ed podm\u00ednky pro kvalitn\u00ed tr\u00e9nink i z\u00e1vod\u011bn\u00ed.\u00a0<\/p><h3 data-start=\"869\" data-end=\"918\">Vybran\u00e9 \u00fasp\u011bchy akademick\u00fdch vesla\u0159\u016f Slavie<\/h3><ul><li data-start=\"1014\" data-end=\"1052\"><strong data-start=\"1014\" data-end=\"1050\">2025 \u2013 Univerzi\u00e1da<\/strong><ul><li data-start=\"1012\" data-end=\"1118\"><p data-start=\"1014\" data-end=\"1052\"><span style=\"font-style: inherit; font-weight: inherit;\">3. m\u00edsto \u2013 4- mu\u017ei (Martin Pfeifer)<\/span><\/p><\/li><li data-start=\"1012\" data-end=\"1118\"><p data-start=\"1014\" data-end=\"1052\"><span style=\"font-style: inherit; font-weight: inherit;\">8. m\u00edsto \u2013 2- \u017eeny (<\/span>Al\u017eb\u011bta Zavadilov\u00e1)<\/p><\/li><li data-start=\"1012\" data-end=\"1118\"><p data-start=\"1014\" data-end=\"1052\"><span style=\"font-style: inherit; font-weight: inherit;\">9. m\u00edsto \u2013 4- \u017eeny (<\/span>Lenka Bou\u0161kov\u00e1, Ag\u00e1ta Jan\u00edkov\u00e1<span style=\"font-style: inherit; font-weight: inherit;\">)<\/span><\/p><\/li><li data-start=\"1012\" data-end=\"1118\"><p data-start=\"1014\" data-end=\"1052\"><span style=\"font-style: inherit; font-weight: inherit;\">14. m\u00edsto \u2013 2x mu\u017ei (Jan Chlebovsk\u00fd)<\/span><\/p><\/li><\/ul><\/li><\/ul><div>\u00a0<\/div>\t\t\t\t\t\t\t\t<\/div>\n\t\t\t\t<\/div>\n\t\t<div class=\"elementor-element elementor-element-04fb943 e-grid e-con-full e-con e-child\" data-id=\"04fb943\" data-element_type=\"container\">\n\t\t\t\t<div class=\"elementor-element elementor-element-44b144b elementor-widget elementor-widget-image\" data-id=\"44b144b\" data-element_type=\"widget\" data-widget_type=\"image.default\">\n\t\t\t\t\t\t\t\t\t\t\t\t\t\t\t<img fetchpriority=\"high\" decoding=\"async\" width=\"1024\" height=\"682\" src=\"https:\/\/vkslavia.cz\/wp-content\/uploads\/2025\/12\/unieight-46-1024x682.jpg\" class=\"attachment-large size-large wp-image-1433\" alt=\"\" srcset=\"https:\/\/vkslavia.cz\/wp-content\/uploads\/2025\/12\/unieight-46-1024x682.jpg 1024w, https:\/\/vkslavia.cz\/wp-content\/uploads\/2025\/12\/unieight-46-300x200.jpg 300w, https:\/\/vkslavia.cz\/wp-content\/uploads\/2025\/12\/unieight-46-768x512.jpg 768w, https:\/\/vkslavia.cz\/wp-content\/uploads\/2025\/12\/unieight-46-1536x1024.jpg 1536w, https:\/\/vkslavia.cz\/wp-content\/uploads\/2025\/12\/unieight-46.jpg 2000w\" sizes=\"(max-width: 1024px) 100vw, 1024px\" \/>\t\t\t\t\t\t\t\t\t\t\t\t\t\t\t<\/div>\n\t\t\t\t<div class=\"elementor-element elementor-element-300aac6 elementor-widget elementor-widget-image\" data-id=\"300aac6\" data-element_type=\"widget\" data-widget_type=\"image.default\">\n\t\t\t\t\t\t\t\t\t\t\t\t\t\t\t<img decoding=\"async\" width=\"1024\" height=\"682\" src=\"https:\/\/vkslavia.cz\/wp-content\/uploads\/2025\/12\/unieight-33-1024x682.jpg\" class=\"attachment-large size-large wp-image-1437\" alt=\"\" srcset=\"https:\/\/vkslavia.cz\/wp-content\/uploads\/2025\/12\/unieight-33-1024x682.jpg 1024w, https:\/\/vkslavia.cz\/wp-content\/uploads\/2025\/12\/unieight-33-300x200.jpg 300w, https:\/\/vkslavia.cz\/wp-content\/uploads\/2025\/12\/unieight-33-768x512.jpg 768w, https:\/\/vkslavia.cz\/wp-content\/uploads\/2025\/12\/unieight-33-1536x1024.jpg 1536w, https:\/\/vkslavia.cz\/wp-content\/uploads\/2025\/12\/unieight-33.jpg 2000w\" sizes=\"(max-width: 1024px) 100vw, 1024px\" \/>\t\t\t\t\t\t\t\t\t\t\t\t\t\t\t<\/div>\n\t\t\t\t<\/div>\n\t\t\t\t<div class=\"elementor-element elementor-element-a9d8f3d elementor-widget-divider--view-line elementor-widget elementor-widget-divider\" data-id=\"a9d8f3d\" data-element_type=\"widget\" data-widget_type=\"divider.default\">\n\t\t\t\t\t\t\t<div class=\"elementor-divider\">\n\t\t\t<span class=\"elementor-divider-separator\">\n\t\t\t\t\t\t<\/span>\n\t\t<\/div>\n\t\t\t\t\t\t<\/div>\n\t\t\t\t\t<\/div>\n\t\t\t\t<\/div>\n\t\t\t\t<\/div>\n\t\t","protected":false},"excerpt":{"rendered":"<p>Akademick\u00e9 veslov\u00e1n\u00ed Vesla\u0159sk\u00fd klub Slavia Praha dlouhodob\u011b podporuje studenty, kte\u0159\u00ed cht\u011bj\u00ed spojit vysoko\u0161kolsk\u00e9 studium se sportovn\u00ed kari\u00e9rou. Akademi\u010dt\u00ed vesla\u0159i u [&hellip;]<\/p>\n","protected":false},"author":2,"featured_media":0,"parent":0,"menu_order":0,"comment_status":"closed","ping_status":"closed","template":"","meta":{"site-sidebar-layout":"no-sidebar","site-content-layout":"","ast-site-content-layout":"full-width-container","site-content-style":"default","site-sidebar-style":"default","ast-global-header-display":"","ast-banner-title-visibility":"","ast-main-header-display":"","ast-hfb-above-header-display":"","ast-hfb-below-header-display":"","ast-hfb-mobile-header-display":"","site-post-title":"disabled","ast-breadcrumbs-content":"","ast-featured-img":"disabled","footer-sml-layout":"","theme-transparent-header-meta":"","adv-header-id-meta":"","stick-header-meta":"","header-above-stick-meta":"","header-main-stick-meta":"","header-below-stick-meta":"","astra-migrate-meta-layouts":"default","ast-page-background-enabled":"default","ast-page-background-meta":{"desktop":{"background-color":"var(--ast-global-color-5)","background-image":"","background-repeat":"repeat","background-position":"center center","background-size":"auto","background-attachment":"scroll","background-type":"","background-media":"","overlay-type":"","overlay-color":"","overlay-opacity":"","overlay-gradient":""},"tablet":{"background-color":"","background-image":"","background-repeat":"repeat","background-position":"center center","background-size":"auto","background-attachment":"scroll","background-type":"","background-media":"","overlay-type":"","overlay-color":"","overlay-opacity":"","overlay-gradient":""},"mobile":{"background-color":"","background-image":"","background-repeat":"repeat","background-position":"center center","background-size":"auto","background-attachment":"scroll","background-type":"","background-media":"","overlay-type":"","overlay-color":"","overlay-opacity":"","overlay-gradient":""}},"ast-content-background-meta":{"desktop":{"background-color":"var(--ast-global-color-4)","background-image":"","background-repeat":"repeat","background-position":"center center","background-size":"auto","background-attachment":"scroll","background-type":"","background-media":"","overlay-type":"","overlay-color":"","overlay-opacity":"","overlay-gradient":""},"tablet":{"background-color":"var(--ast-global-color-4)","background-image":"","background-repeat":"repeat","background-position":"center center","background-size":"auto","background-attachment":"scroll","background-type":"","background-media":"","overlay-type":"","overlay-color":"","overlay-opacity":"","overlay-gradient":""},"mobile":{"background-color":"var(--ast-global-color-4)","background-image":"","background-repeat":"repeat","background-position":"center center","background-size":"auto","background-attachment":"scroll","background-type":"","background-media":"","overlay-type":"","overlay-color":"","overlay-opacity":"","overlay-gradient":""}},"footnotes":""},"class_list":["post-100","page","type-page","status-publish","hentry"],"_links":{"self":[{"href":"https:\/\/vkslavia.cz\/index.php?rest_route=\/wp\/v2\/pages\/100","targetHints":{"allow":["GET"]}}],"collection":[{"href":"https:\/\/vkslavia.cz\/index.php?rest_route=\/wp\/v2\/pages"}],"about":[{"href":"https:\/\/vkslavia.cz\/index.php?rest_route=\/wp\/v2\/types\/page"}],"author":[{"embeddable":true,"href":"https:\/\/vkslavia.cz\/index.php?rest_route=\/wp\/v2\/users\/2"}],"replies":[{"embeddable":true,"href":"https:\/\/vkslavia.cz\/index.php?rest_route=%2Fwp%2Fv2%2Fcomments&post=100"}],"version-history":[{"count":31,"href":"https:\/\/vkslavia.cz\/index.php?rest_route=\/wp\/v2\/pages\/100\/revisions"}],"predecessor-version":[{"id":1446,"href":"https:\/\/vkslavia.cz\/index.php?rest_route=\/wp\/v2\/pages\/100\/revisions\/1446"}],"wp:attachment":[{"href":"https:\/\/vkslavia.cz\/index.php?rest_route=%2Fwp%2Fv2%2Fmedia&parent=100"}],"curies":[{"name":"wp","href":"https:\/\/api.w.org\/{rel}","templated":true}]}}